{"id":15417,"date":"2022-09-13T11:05:46","date_gmt":"2022-09-13T09:05:46","guid":{"rendered":"https:\/\/wepere.com\/?page_id=15417"},"modified":"2024-10-15T14:45:54","modified_gmt":"2024-10-15T12:45:54","slug":"ueber-uns","status":"publish","type":"page","link":"https:\/\/wepere.com\/de\/ueber-uns\/","title":{"rendered":"\u00dcber uns"},"content":{"rendered":"\t\t<div data-elementor-type=\"wp-page\" data-elementor-id=\"15417\" class=\"elementor elementor-15417 elementor-1665\" data-elementor-post-type=\"page\">\n\t\t\t\t\t\t<section class=\"elementor-section elementor-top-section elementor-element elementor-element-d753145 elementor-section-stretched elementor-section-boxed elementor-section-height-default elementor-section-height-default syd-sticky-section-no\" data-id=\"d753145\" data-element_type=\"section\" id=\"about-us\" data-settings=\"{&quot;stretch_section&quot;:&quot;section-stretched&quot;}\">\n\t\t\t\t\t\t<div class=\"elementor-container elementor-column-gap-default\">\n\t\t\t\t\t<div class=\"elementor-column elementor-col-100 elementor-top-column elementor-element elementor-element-226e1a9 syd-sticky-section-no\" data-id=\"226e1a9\" data-element_type=\"column\">\n\t\t\t<div class=\"elementor-widget-wrap elementor-element-populated\">\n\t\t\t\t\t\t<div class=\"elementor-element elementor-element-e91219c syd-sticky-section-no elementor-widget elementor-widget-heading\" data-id=\"e91219c\" data-element_type=\"widget\" data-widget_type=\"heading.default\">\n\t\t\t\t<div class=\"elementor-widget-container\">\n\t\t\t\t\t<h1 class=\"elementor-heading-title elementor-size-default\">\u00dcBER UNS<\/h1>\t\t\t\t<\/div>\n\t\t\t\t<\/div>\n\t\t\t\t<div class=\"elementor-element elementor-element-7a27989 syd-sticky-section-no elementor-widget elementor-widget-text-editor\" data-id=\"7a27989\" data-element_type=\"widget\" data-widget_type=\"text-editor.default\">\n\t\t\t\t<div class=\"elementor-widget-container\">\n\t\t\t\t\t\t\t\t\t<p style=\"text-align: center;\">&#8222;WEPERE markiert den Beginn einer neuen \u00c4ra f\u00fcr den Sport.<br \/>Ein neuer Player kommt hinzu und das Spielfeld ist nicht mehr dasselbe.<br \/>Die neue Welle ist der Wandel, der die k\u00f6rperliche, sportliche und professionelle Bewegung f\u00f6rdert, sch\u00fctzt und unterst\u00fctzt.\u201d<\/p>\t\t\t\t\t\t\t\t<\/div>\n\t\t\t\t<\/div>\n\t\t\t\t\t<\/div>\n\t\t<\/div>\n\t\t\t\t\t<\/div>\n\t\t<\/section>\n\t\t\t\t<section class=\"elementor-section elementor-top-section elementor-element elementor-element-2785cb0 elementor-section-full_width elementor-section-height-min-height elementor-section-stretched elementor-section-height-default elementor-section-items-middle syd-sticky-section-no\" data-id=\"2785cb0\" data-element_type=\"section\" data-settings=\"{&quot;stretch_section&quot;:&quot;section-stretched&quot;,&quot;background_background&quot;:&quot;classic&quot;}\">\n\t\t\t\t\t\t<div class=\"elementor-container elementor-column-gap-no\">\n\t\t\t\t\t<div class=\"elementor-column elementor-col-100 elementor-top-column elementor-element elementor-element-433fff2 syd-sticky-section-no elementor-invisible\" data-id=\"433fff2\" data-element_type=\"column\" id=\"joinpro\" data-settings=\"{&quot;background_background&quot;:&quot;classic&quot;,&quot;animation&quot;:&quot;fadeIn&quot;}\">\n\t\t\t<div class=\"elementor-widget-wrap elementor-element-populated\">\n\t\t\t\t\t\t<div class=\"elementor-element elementor-element-30f784a syd-sticky-section-no elementor-widget elementor-widget-image\" data-id=\"30f784a\" data-element_type=\"widget\" data-widget_type=\"image.default\">\n\t\t\t\t<div class=\"elementor-widget-container\">\n\t\t\t\t\t\t\t\t\t\t\t\t\t\t\t<img fetchpriority=\"high\" decoding=\"async\" width=\"420\" height=\"414\" src=\"https:\/\/wepere.com\/wp-content\/uploads\/join_the_PRO_movement-420x414.jpg\" class=\"attachment-woocommerce_thumbnail size-woocommerce_thumbnail wp-image-2203\" alt=\"join the PRO movement\" srcset=\"https:\/\/wepere.com\/wp-content\/uploads\/join_the_PRO_movement-420x414.jpg 420w, https:\/\/wepere.com\/wp-content\/uploads\/join_the_PRO_movement-100x100.jpg 100w\" sizes=\"(max-width: 420px) 100vw, 420px\" \/>\t\t\t\t\t\t\t\t\t\t\t\t\t\t\t<\/div>\n\t\t\t\t<\/div>\n\t\t\t\t\t<\/div>\n\t\t<\/div>\n\t\t\t\t\t<\/div>\n\t\t<\/section>\n\t\t\t\t<section class=\"elementor-section elementor-top-section elementor-element elementor-element-0ed0113 elementor-section-stretched elementor-section-boxed elementor-section-height-default elementor-section-height-default syd-sticky-section-no\" data-id=\"0ed0113\" data-element_type=\"section\" data-settings=\"{&quot;stretch_section&quot;:&quot;section-stretched&quot;}\">\n\t\t\t\t\t\t<div class=\"elementor-container elementor-column-gap-default\">\n\t\t\t\t\t<div class=\"elementor-column elementor-col-25 elementor-top-column elementor-element elementor-element-3b0af9c syd-sticky-section-no\" data-id=\"3b0af9c\" data-element_type=\"column\">\n\t\t\t<div class=\"elementor-widget-wrap\">\n\t\t\t\t\t\t\t<\/div>\n\t\t<\/div>\n\t\t\t\t<div class=\"elementor-column elementor-col-50 elementor-top-column elementor-element elementor-element-8bb0386 syd-sticky-section-no\" data-id=\"8bb0386\" data-element_type=\"column\">\n\t\t\t<div class=\"elementor-widget-wrap elementor-element-populated\">\n\t\t\t\t\t\t<div class=\"elementor-element elementor-element-cda17de syd-sticky-section-no elementor-widget elementor-widget-text-editor\" data-id=\"cda17de\" data-element_type=\"widget\" data-widget_type=\"text-editor.default\">\n\t\t\t\t<div class=\"elementor-widget-container\">\n\t\t\t\t\t\t\t\t\t<p><strong>WEPERE<\/strong> ist die neue <strong>Sportabteilung von I.A.C.E.R. Srl<\/strong>, einem f\u00fchrenden Unternehmen im <strong>Bereich Design und Entwicklung von elektromedizinischen Produkten<\/strong> f\u00fcr die h\u00e4usliche und professionelle Behandlung von chronischen Schmerzen. In den letzten 10 Jahren wurden 1 Million aktive Ger\u00e4te verkauft und Programme in Zusammenarbeit mit Krankenh\u00e4usern und Universit\u00e4ten ausgew\u00e4hlt und realisiert.<\/p><p>Die Mission von WEPERE ist bereits im Namen enthalten: F\u00f6rderung von <strong>Wellness<\/strong>, dem psychophysischen Wohlbefinden von <strong>Sportlern<\/strong> und nicht nur, um die Leistung zu steigern, immer bessere Ergebnisse zu erzielen und die <strong>Regenerierung<\/strong> zu unterst\u00fctzen, um sich nach dem Training oder Wettkampf oder nach Verletzungen schneller zu erholen.<\/p><p>Die neuen Produkte entsprechen den Bed\u00fcrfnissen von Sportlern und Fitnessbegeisterten, die eine <strong>einfache und bequeme L\u00f6sung zur Aufrechterhaltung der k\u00f6rperlichen Fitness und eines hohen Leistungsniveaus suchen<\/strong>: Die sequentielle Kompression beschleunigt die Erholung der Muskeln und leitet Fl\u00fcssigkeiten ab; Ultraschall wirkt bei Muskelkontrakturen und Sehnen- oder Gelenkproblemen sowie bei \u00e4sthetischen Problemen; die Elektrostimulation strafft die Muskeln und lindert Schmerzen; und die Magnettherapie ist wirksam bei Muskelentz\u00fcndungen und Knochenerkrankungen<\/p>\t\t\t\t\t\t\t\t<\/div>\n\t\t\t\t<\/div>\n\t\t\t\t<section class=\"elementor-section elementor-inner-section elementor-element elementor-element-5751623 elementor-section-boxed elementor-section-height-default elementor-section-height-default syd-sticky-section-no\" data-id=\"5751623\" data-element_type=\"section\">\n\t\t\t\t\t\t<div class=\"elementor-container elementor-column-gap-default\">\n\t\t\t\t\t<div class=\"elementor-column elementor-col-100 elementor-inner-column elementor-element elementor-element-887bb24 syd-sticky-section-no\" data-id=\"887bb24\" data-element_type=\"column\">\n\t\t\t<div class=\"elementor-widget-wrap elementor-element-populated\">\n\t\t\t\t\t\t<div class=\"elementor-element elementor-element-117bdf2 elementor-align-center syd-sticky-section-no elementor-widget elementor-widget-button\" data-id=\"117bdf2\" data-element_type=\"widget\" data-widget_type=\"button.default\">\n\t\t\t\t<div class=\"elementor-widget-container\">\n\t\t\t\t\t\t\t\t\t<div class=\"elementor-button-wrapper\">\n\t\t\t\t\t<a class=\"elementor-button elementor-size-md\" role=\"button\" id=\"joinbtn\">\n\t\t\t\t\t\t<span class=\"elementor-button-content-wrapper\">\n\t\t\t\t\t\t\t\t\t<span class=\"elementor-button-text\"><small>Join the team!<\/small><br><strong>WERDEN SIE WIEDERVERK\u00c4UFER<\/strong><\/span>\n\t\t\t\t\t<\/span>\n\t\t\t\t\t<\/a>\n\t\t\t\t<\/div>\n\t\t\t\t\t\t\t\t<\/div>\n\t\t\t\t<\/div>\n\t\t\t\t<div class=\"elementor-element elementor-element-0e33f3b d-none syd-sticky-section-no elementor-widget elementor-widget-shortcode\" data-id=\"0e33f3b\" data-element_type=\"widget\" id=\"joinform\" data-widget_type=\"shortcode.default\">\n\t\t\t\t<div class=\"elementor-widget-container\">\n\t\t\t\t\t\t\t<div class=\"elementor-shortcode\">\n<div class=\"wpcf7 no-js\" id=\"wpcf7-f29947-o1\" lang=\"de-DE\" dir=\"ltr\" data-wpcf7-id=\"29947\">\n<div class=\"screen-reader-response\"><p role=\"status\" aria-live=\"polite\" aria-atomic=\"true\"><\/p> <ul><\/ul><\/div>\n<form action=\"\/de\/wp-json\/wp\/v2\/pages\/15417#wpcf7-f29947-o1\" method=\"post\" class=\"wpcf7-form init wpcf7-acceptance-as-validation\" aria-label=\"Kontaktformular\" novalidate=\"novalidate\" data-status=\"init\">\n<fieldset class=\"hidden-fields-container\"><input type=\"hidden\" name=\"_wpcf7\" value=\"29947\" \/><input type=\"hidden\" name=\"_wpcf7_version\" value=\"6.1.5\" \/><input type=\"hidden\" name=\"_wpcf7_locale\" value=\"de_DE\" \/><input type=\"hidden\" name=\"_wpcf7_unit_tag\" value=\"wpcf7-f29947-o1\" \/><input type=\"hidden\" name=\"_wpcf7_container_post\" value=\"0\" \/><input type=\"hidden\" name=\"_wpcf7_posted_data_hash\" value=\"\" \/><input type=\"hidden\" name=\"_wpcf7_recaptcha_response\" value=\"\" \/>\n<\/fieldset>\n<input class=\"wpcf7-form-control wpcf7-hidden\" value=\"Werden Sie ein Wiederverk\u00e4ufer\" type=\"hidden\" name=\"your-subject\" \/>\n<p><input class=\"wpcf7-form-control wpcf7-hidden\" type=\"hidden\" name=\"hp\" value=\"\" \/>\n<\/p>\n<div id=\"formReseller\" class=\"formContainer contact-business-form light\">\n\t<div class=\"row\">\n\t\t<div class=\"col-md-6 mb-2\">\n\t\t\t<p><span class=\"wpcf7-form-control-wrap\" data-name=\"firstname\"><input size=\"40\" maxlength=\"100\" class=\"wpcf7-form-control wpcf7-text wpcf7-validates-as-required form-control\" aria-required=\"true\" aria-invalid=\"false\" placeholder=\"Vorname*\" value=\"\" type=\"text\" name=\"firstname\" \/><\/span>\n\t\t\t<\/p>\n\t\t<\/div>\n\t\t<div class=\"col-md-6 mb-2\">\n\t\t\t<p><span class=\"wpcf7-form-control-wrap\" data-name=\"surname\"><input size=\"40\" maxlength=\"100\" class=\"wpcf7-form-control wpcf7-text wpcf7-validates-as-required form-control\" aria-required=\"true\" aria-invalid=\"false\" placeholder=\"Nachname*\" value=\"\" type=\"text\" name=\"surname\" \/><\/span>\n\t\t\t<\/p>\n\t\t<\/div>\n\t<\/div>\n\t<div class=\"row\">\n\t\t<div class=\"col-12 mb-2\">\n\t\t\t<p><span class=\"wpcf7-form-control-wrap\" data-name=\"company\"><input size=\"40\" maxlength=\"400\" class=\"wpcf7-form-control wpcf7-text wpcf7-validates-as-required form-control\" aria-required=\"true\" aria-invalid=\"false\" placeholder=\"Firmenname*\" value=\"\" type=\"text\" name=\"company\" \/><\/span>\n\t\t\t<\/p>\n\t\t<\/div>\n\t<\/div>\n\t<div class=\"row\">\n\t\t<div class=\"col-md-6 mb-2\">\n\t\t\t<p><span class=\"wpcf7-form-control-wrap\" data-name=\"city\"><input size=\"40\" maxlength=\"400\" class=\"wpcf7-form-control wpcf7-text wpcf7-validates-as-required form-control\" aria-required=\"true\" aria-invalid=\"false\" placeholder=\"Ort - Stadt*\" value=\"\" type=\"text\" name=\"city\" \/><\/span>\n\t\t\t<\/p>\n\t\t<\/div>\n\t\t<div class=\"col-md-6 mb-2\">\n\t\t\t<p><span class=\"wpcf7-form-control-wrap\" data-name=\"province\"><input size=\"40\" maxlength=\"400\" class=\"wpcf7-form-control wpcf7-text form-control\" aria-invalid=\"false\" placeholder=\"Bundesland - Landkreis\" value=\"\" type=\"text\" name=\"province\" \/><\/span>\n\t\t\t<\/p>\n\t\t<\/div>\n\t<\/div>\n\t<div class=\"row\">\n\t\t<div class=\"col-md-6 mb-2\">\n\t\t\t<p><span class=\"wpcf7-form-control-wrap\" data-name=\"madd\"><input size=\"40\" maxlength=\"400\" class=\"wpcf7-form-control wpcf7-email wpcf7-validates-as-required wpcf7-text wpcf7-validates-as-email form-control\" aria-required=\"true\" aria-invalid=\"false\" placeholder=\"E-mail*\" value=\"\" type=\"email\" name=\"madd\" \/><\/span>\n\t\t\t<\/p>\n\t\t<\/div>\n\t\t<div class=\"col-md-6 mb-2\">\n\t\t\t<p><span class=\"wpcf7-form-control-wrap\" data-name=\"phone\"><input size=\"40\" maxlength=\"400\" class=\"wpcf7-form-control wpcf7-tel wpcf7-validates-as-required wpcf7-text wpcf7-validates-as-tel form-control\" aria-required=\"true\" aria-invalid=\"false\" placeholder=\"Telefon*\" value=\"\" type=\"tel\" name=\"phone\" \/><\/span>\n\t\t\t<\/p>\n\t\t<\/div>\n\t<\/div>\n\t<div class=\"row\">\n\t\t<div class=\"col-12\">\n\t\t\t<p>Alle Informationen \u00fcber die Verarbeitung Ihrer personenbezogenen Daten finden Sie in unserer <a href=\"https:\/\/wepere.com\/de\/privacy-policy\/\" target=\"_blank\" rel=\"nofollow\">Datenschutzerkl\u00e4rung<\/a>.\n\t\t\t<\/p>\n\t\t<\/div>\n\t<\/div>\n\t<div class=\"d-md-flex justify-content-between align-items-end\">\n\t\t<div class=\"submit-form mb-2\">\n\t\t\t<p><input class=\"wpcf7-form-control wpcf7-submit has-spinner btn-warning\" type=\"submit\" value=\"EINREICHEN\" \/>\n\t\t\t<\/p>\n\t\t<\/div>\n\t<\/div>\n<\/div><div class=\"wpcf7-response-output\" aria-hidden=\"true\"><\/div>\n<\/form>\n<\/div>\n<\/div>\n\t\t\t\t\t\t<\/div>\n\t\t\t\t<\/div>\n\t\t\t\t\t<\/div>\n\t\t<\/div>\n\t\t\t\t\t<\/div>\n\t\t<\/section>\n\t\t\t\t\t<\/div>\n\t\t<\/div>\n\t\t\t\t<div class=\"elementor-column elementor-col-25 elementor-top-column elementor-element elementor-element-2e0d286 syd-sticky-section-no\" data-id=\"2e0d286\" data-element_type=\"column\">\n\t\t\t<div class=\"elementor-widget-wrap\">\n\t\t\t\t\t\t\t<\/div>\n\t\t<\/div>\n\t\t\t\t\t<\/div>\n\t\t<\/section>\n\t\t\t\t<\/div>\n\t\t","protected":false},"excerpt":{"rendered":"<p>\u00dcBER UNS &#8222;WEPERE markiert den Beginn einer neuen \u00c4ra f\u00fcr den Sport.Ein neuer Player kommt hinzu und das Spielfeld ist nicht mehr [&hellip;]<\/p>\n","protected":false},"author":1748,"featured_media":2203,"parent":0,"menu_order":1,"comment_status":"closed","ping_status":"closed","template":"template-aboutus.php","meta":{"_acf_changed":false,"_joinchat":[],"footnotes":""},"class_list":["post-15417","page","type-page","status-publish","has-post-thumbnail","hentry"],"acf":[],"_links":{"self":[{"href":"https:\/\/wepere.com\/de\/wp-json\/wp\/v2\/pages\/15417","targetHints":{"allow":["GET"]}}],"collection":[{"href":"https:\/\/wepere.com\/de\/wp-json\/wp\/v2\/pages"}],"about":[{"href":"https:\/\/wepere.com\/de\/wp-json\/wp\/v2\/types\/page"}],"author":[{"embeddable":true,"href":"https:\/\/wepere.com\/de\/wp-json\/wp\/v2\/users\/1748"}],"replies":[{"embeddable":true,"href":"https:\/\/wepere.com\/de\/wp-json\/wp\/v2\/comments?post=15417"}],"version-history":[{"count":3,"href":"https:\/\/wepere.com\/de\/wp-json\/wp\/v2\/pages\/15417\/revisions"}],"predecessor-version":[{"id":73863,"href":"https:\/\/wepere.com\/de\/wp-json\/wp\/v2\/pages\/15417\/revisions\/73863"}],"wp:featuredmedia":[{"embeddable":true,"href":"https:\/\/wepere.com\/de\/wp-json\/wp\/v2\/media\/2203"}],"wp:attachment":[{"href":"https:\/\/wepere.com\/de\/wp-json\/wp\/v2\/media?parent=15417"}],"curies":[{"name":"wp","href":"https:\/\/api.w.org\/{rel}","templated":true}]}}