{"id":19249,"date":"2022-09-16T10:17:39","date_gmt":"2022-09-16T08:17:39","guid":{"rendered":"https:\/\/wepere.com\/?page_id=19249"},"modified":"2022-11-03T12:29:14","modified_gmt":"2022-11-03T11:29:14","slug":"wohlbefinden","status":"publish","type":"page","link":"https:\/\/wepere.com\/de\/wohlbefinden\/","title":{"rendered":"Wohlbefinden"},"content":{"rendered":"\t\t<div data-elementor-type=\"wp-page\" data-elementor-id=\"19249\" class=\"elementor elementor-19249 elementor-754\" data-elementor-post-type=\"page\">\n\t\t\t\t\t\t<section class=\"elementor-section elementor-top-section elementor-element elementor-element-49333a6b elementor-section-boxed elementor-section-height-default elementor-section-height-default syd-sticky-section-no\" data-id=\"49333a6b\" data-element_type=\"section\">\n\t\t\t\t\t\t<div class=\"elementor-container elementor-column-gap-default\">\n\t\t\t\t\t<div class=\"elementor-column elementor-col-100 elementor-top-column elementor-element elementor-element-10b2082f syd-sticky-section-no\" data-id=\"10b2082f\" data-element_type=\"column\">\n\t\t\t<div class=\"elementor-widget-wrap elementor-element-populated\">\n\t\t\t\t\t\t<div class=\"elementor-element elementor-element-7200a905 syd-sticky-section-no elementor-widget elementor-widget-text-editor\" data-id=\"7200a905\" data-element_type=\"widget\" data-widget_type=\"text-editor.default\">\n\t\t\t\t<div class=\"elementor-widget-container\">\n\t\t\t\t\t\t\t\t\t<p>Die Kultur des psychophysischen Wohlbefindens geh\u00f6rt zu den Grundwerten unserer Mission. Einen gesunden Lebensstil f\u00f6rdern und Sportlern helfen, fit zu bleiben: das bedeutet f\u00fcr uns Wellness.<\/p>\t\t\t\t\t\t\t\t<\/div>\n\t\t\t\t<\/div>\n\t\t\t\t\t<\/div>\n\t\t<\/div>\n\t\t\t\t\t<\/div>\n\t\t<\/section>\n\t\t\t\t<section class=\"elementor-section elementor-top-section elementor-element elementor-element-0028f65 elementor-section-boxed elementor-section-height-default elementor-section-height-default syd-sticky-section-no\" data-id=\"0028f65\" data-element_type=\"section\">\n\t\t\t\t\t\t<div class=\"elementor-container elementor-column-gap-default\">\n\t\t\t\t\t<div class=\"elementor-column elementor-col-100 elementor-top-column elementor-element elementor-element-e9e3079 syd-sticky-section-no\" data-id=\"e9e3079\" data-element_type=\"column\">\n\t\t\t<div class=\"elementor-widget-wrap elementor-element-populated\">\n\t\t\t\t\t\t<div class=\"elementor-element elementor-element-48773f4 syd-sticky-section-no elementor-widget elementor-widget-heading\" data-id=\"48773f4\" data-element_type=\"widget\" data-widget_type=\"heading.default\">\n\t\t\t\t<div class=\"elementor-widget-container\">\n\t\t\t\t\t<h2 class=\"elementor-heading-title elementor-size-default\">G\u00f6nnen Sie sich eine unverzichtbare \"Massage\".<\/h2>\t\t\t\t<\/div>\n\t\t\t\t<\/div>\n\t\t\t\t<div class=\"elementor-element elementor-element-97ba5a7 syd-sticky-section-no elementor-widget elementor-widget-text-editor\" data-id=\"97ba5a7\" data-element_type=\"widget\" data-widget_type=\"text-editor.default\">\n\t\t\t\t<div class=\"elementor-widget-container\">\n\t\t\t\t\t\t\t\t\t<p>Nach k\u00f6rperlicher T\u00e4tigkeit oder nach einem anstrengenden Arbeitstag sind die Beine m\u00fcde und schwer. Mit Wepere k\u00f6nnen Sie jeden Tag eine entspannende und entw\u00e4ssernde Massage genie\u00dfen. Nehmen Sie sich einen Moment Zeit, um sich zu entspannen, und Ihre Beine werden leichter und sch\u00f6ner sein.<\/p>\t\t\t\t\t\t\t\t<\/div>\n\t\t\t\t<\/div>\n\t\t\t\t<div class=\"elementor-element elementor-element-35d2ac1 syd-sticky-section-no elementor-widget elementor-widget-text-editor\" data-id=\"35d2ac1\" data-element_type=\"widget\" data-widget_type=\"text-editor.default\">\n\t\t\t\t<div class=\"elementor-widget-container\">\n\t\t\t\t\t\t\t\t\t<p><a href=\"https:\/\/wepere.com\/de\/behandlungen\/pressotherapie\/\"><em>Mehr \u00fcber die Pressotherapie erfahren<\/em><\/a><\/p>\t\t\t\t\t\t\t\t<\/div>\n\t\t\t\t<\/div>\n\t\t\t\t\t<\/div>\n\t\t<\/div>\n\t\t\t\t\t<\/div>\n\t\t<\/section>\n\t\t\t\t<section class=\"elementor-section elementor-top-section elementor-element elementor-element-4622d47 elementor-section-boxed elementor-section-height-default elementor-section-height-default syd-sticky-section-no\" data-id=\"4622d47\" data-element_type=\"section\">\n\t\t\t\t\t\t<div class=\"elementor-container elementor-column-gap-default\">\n\t\t\t\t\t<div class=\"elementor-column elementor-col-100 elementor-top-column elementor-element elementor-element-320b132 syd-sticky-section-no\" data-id=\"320b132\" data-element_type=\"column\">\n\t\t\t<div class=\"elementor-widget-wrap elementor-element-populated\">\n\t\t\t\t\t\t<div class=\"elementor-element elementor-element-a6fbf1a syd-sticky-section-no elementor-widget elementor-widget-heading\" data-id=\"a6fbf1a\" data-element_type=\"widget\" data-widget_type=\"heading.default\">\n\t\t\t\t<div class=\"elementor-widget-container\">\n\t\t\t\t\t<h2 class=\"elementor-heading-title elementor-size-default\">Straffen und festigen Sie Ihre Muskeln.<\/h2>\t\t\t\t<\/div>\n\t\t\t\t<\/div>\n\t\t\t\t<div class=\"elementor-element elementor-element-7beba9d syd-sticky-section-no elementor-widget elementor-widget-text-editor\" data-id=\"7beba9d\" data-element_type=\"widget\" data-widget_type=\"text-editor.default\">\n\t\t\t\t<div class=\"elementor-widget-container\">\n\t\t\t\t\t\t\t\t\t<p>Sich selbst zu gefallen ist auch wichtig. Um sich fit zu halten, ist eine Kombination aus k\u00f6rperlicher Aktivit\u00e4t, ausgewogener Ern\u00e4hrung und einem gesunden Lebensstil unerl\u00e4sslich. Die Elektrostimulation kann Ihnen einen zus\u00e4tzlichen Schub geben, damit Sie Ihr Ziel schneller erreichen.<\/p>\t\t\t\t\t\t\t\t<\/div>\n\t\t\t\t<\/div>\n\t\t\t\t<div class=\"elementor-element elementor-element-6ea0356 syd-sticky-section-no elementor-widget elementor-widget-text-editor\" data-id=\"6ea0356\" data-element_type=\"widget\" data-widget_type=\"text-editor.default\">\n\t\t\t\t<div class=\"elementor-widget-container\">\n\t\t\t\t\t\t\t\t\t<p><a href=\"https:\/\/wepere.com\/de\/behandlungen\/elektrostimulation\/\"><em>Mehr \u00fcber die Elektrostimulation erfahren<\/em><\/a><\/p>\t\t\t\t\t\t\t\t<\/div>\n\t\t\t\t<\/div>\n\t\t\t\t\t<\/div>\n\t\t<\/div>\n\t\t\t\t\t<\/div>\n\t\t<\/section>\n\t\t\t\t<section class=\"elementor-section elementor-top-section elementor-element elementor-element-0849ca2 elementor-section-boxed elementor-section-height-default elementor-section-height-default syd-sticky-section-no\" data-id=\"0849ca2\" data-element_type=\"section\">\n\t\t\t\t\t\t<div class=\"elementor-container elementor-column-gap-default\">\n\t\t\t\t\t<div class=\"elementor-column elementor-col-100 elementor-top-column elementor-element elementor-element-66bf2d4 syd-sticky-section-no\" data-id=\"66bf2d4\" data-element_type=\"column\">\n\t\t\t<div class=\"elementor-widget-wrap elementor-element-populated\">\n\t\t\t\t\t\t<div class=\"elementor-element elementor-element-4ac61a4 syd-sticky-section-no elementor-widget elementor-widget-heading\" data-id=\"4ac61a4\" data-element_type=\"widget\" data-widget_type=\"heading.default\">\n\t\t\t\t<div class=\"elementor-widget-container\">\n\t\t\t\t\t<h2 class=\"elementor-heading-title elementor-size-default\">Steigern Sie Ihre Muskelkraft.<\/h2>\t\t\t\t<\/div>\n\t\t\t\t<\/div>\n\t\t\t\t<div class=\"elementor-element elementor-element-6f9ec88 syd-sticky-section-no elementor-widget elementor-widget-text-editor\" data-id=\"6f9ec88\" data-element_type=\"widget\" data-widget_type=\"text-editor.default\">\n\t\t\t\t<div class=\"elementor-widget-container\">\n\t\t\t\t\t\t\t\t\t<p>Krafttraining verringert die M\u00fcdigkeit und tr\u00e4gt dazu bei, Ihre geistige und k\u00f6rperliche auf hohem Niveau zu halten. Die Elektrostimulation kann Ihnen dabei helfen, bequem von zu Hause aus oder wo immer Sie wollen.<\/p>\t\t\t\t\t\t\t\t<\/div>\n\t\t\t\t<\/div>\n\t\t\t\t<div class=\"elementor-element elementor-element-66bbe48 syd-sticky-section-no elementor-widget elementor-widget-text-editor\" data-id=\"66bbe48\" data-element_type=\"widget\" data-widget_type=\"text-editor.default\">\n\t\t\t\t<div class=\"elementor-widget-container\">\n\t\t\t\t\t\t\t\t\t<p><a href=\"https:\/\/wepere.com\/de\/behandlungen\/elektrostimulation\/\"><em>Mehr \u00fcber die Elektrostimulation erfahren<\/em><\/a><\/p>\t\t\t\t\t\t\t\t<\/div>\n\t\t\t\t<\/div>\n\t\t\t\t\t<\/div>\n\t\t<\/div>\n\t\t\t\t\t<\/div>\n\t\t<\/section>\n\t\t\t\t<\/div>\n\t\t","protected":false},"excerpt":{"rendered":"<p>Die Kultur des psychophysischen Wohlbefindens geh\u00f6rt zu den Grundwerten unserer Mission. Einen gesunden Lebensstil f\u00f6rdern und Sportlern helfen, fit zu bleiben: das [&hellip;]<\/p>\n","protected":false},"author":1748,"featured_media":0,"parent":0,"menu_order":10,"comment_status":"closed","ping_status":"closed","template":"template-scopes.php","meta":{"_acf_changed":false,"_joinchat":[],"footnotes":""},"class_list":["post-19249","page","type-page","status-publish","hentry"],"acf":[],"_links":{"self":[{"href":"https:\/\/wepere.com\/de\/wp-json\/wp\/v2\/pages\/19249","targetHints":{"allow":["GET"]}}],"collection":[{"href":"https:\/\/wepere.com\/de\/wp-json\/wp\/v2\/pages"}],"about":[{"href":"https:\/\/wepere.com\/de\/wp-json\/wp\/v2\/types\/page"}],"author":[{"embeddable":true,"href":"https:\/\/wepere.com\/de\/wp-json\/wp\/v2\/users\/1748"}],"replies":[{"embeddable":true,"href":"https:\/\/wepere.com\/de\/wp-json\/wp\/v2\/comments?post=19249"}],"version-history":[{"count":3,"href":"https:\/\/wepere.com\/de\/wp-json\/wp\/v2\/pages\/19249\/revisions"}],"predecessor-version":[{"id":36062,"href":"https:\/\/wepere.com\/de\/wp-json\/wp\/v2\/pages\/19249\/revisions\/36062"}],"wp:attachment":[{"href":"https:\/\/wepere.com\/de\/wp-json\/wp\/v2\/media?parent=19249"}],"curies":[{"name":"wp","href":"https:\/\/api.w.org\/{rel}","templated":true}]}}