{"id":22615,"date":"2022-09-20T09:13:23","date_gmt":"2022-09-20T07:13:23","guid":{"rendered":"https:\/\/wepere.com\/?page_id=22615"},"modified":"2022-11-03T12:37:49","modified_gmt":"2022-11-03T11:37:49","slug":"wiederherstellung","status":"publish","type":"page","link":"https:\/\/wepere.com\/de\/wiederherstellung\/","title":{"rendered":"Wiederherstellung"},"content":{"rendered":"\t\t<div data-elementor-type=\"wp-page\" data-elementor-id=\"22615\" class=\"elementor elementor-22615 elementor-761\" data-elementor-post-type=\"page\">\n\t\t\t\t\t\t<section class=\"elementor-section elementor-top-section elementor-element elementor-element-7b40b234 elementor-section-boxed elementor-section-height-default elementor-section-height-default syd-sticky-section-no\" data-id=\"7b40b234\" data-element_type=\"section\">\n\t\t\t\t\t\t<div class=\"elementor-container elementor-column-gap-default\">\n\t\t\t\t\t<div class=\"elementor-column elementor-col-100 elementor-top-column elementor-element elementor-element-4e33a293 syd-sticky-section-no\" data-id=\"4e33a293\" data-element_type=\"column\">\n\t\t\t<div class=\"elementor-widget-wrap elementor-element-populated\">\n\t\t\t\t\t\t<div class=\"elementor-element elementor-element-42c0ca86 syd-sticky-section-no elementor-widget elementor-widget-text-editor\" data-id=\"42c0ca86\" data-element_type=\"widget\" data-widget_type=\"text-editor.default\">\n\t\t\t\t<div class=\"elementor-widget-container\">\n\t\t\t\t\t\t\t\t\t<p style=\"margin: 0cm 0cm 15.0pt 0cm;\"><span lang=\"DE\">\u201eDie richtige Erholung ist nicht nur nach dem Wettkampf, sondern auch nach dem Training entscheidend. Um Verletzungen vorzubeugen und das h\u00f6chstm\u00f6gliche w\u00f6chentliche Belastungsvolumen zu unterst\u00fctzen.\u201c (Zitat Daniel Fontana).<\/span><\/p>\t\t\t\t\t\t\t\t<\/div>\n\t\t\t\t<\/div>\n\t\t\t\t\t<\/div>\n\t\t<\/div>\n\t\t\t\t\t<\/div>\n\t\t<\/section>\n\t\t\t\t<section class=\"elementor-section elementor-top-section elementor-element elementor-element-2dcecc7 elementor-section-boxed elementor-section-height-default elementor-section-height-default syd-sticky-section-no\" data-id=\"2dcecc7\" data-element_type=\"section\">\n\t\t\t\t\t\t<div class=\"elementor-container elementor-column-gap-default\">\n\t\t\t\t\t<div class=\"elementor-column elementor-col-100 elementor-top-column elementor-element elementor-element-98e0a93 syd-sticky-section-no\" data-id=\"98e0a93\" data-element_type=\"column\">\n\t\t\t<div class=\"elementor-widget-wrap elementor-element-populated\">\n\t\t\t\t\t\t<div class=\"elementor-element elementor-element-3c44971 syd-sticky-section-no elementor-widget elementor-widget-heading\" data-id=\"3c44971\" data-element_type=\"widget\" data-widget_type=\"heading.default\">\n\t\t\t\t<div class=\"elementor-widget-container\">\n\t\t\t\t\t<h2 class=\"elementor-heading-title elementor-size-default\">Zus\u00e4tzliche N\u00e4hrstoffe f\u00fcr Ihre Muskeln.<\/h2>\t\t\t\t<\/div>\n\t\t\t\t<\/div>\n\t\t\t\t<div class=\"elementor-element elementor-element-6398424 syd-sticky-section-no elementor-widget elementor-widget-text-editor\" data-id=\"6398424\" data-element_type=\"widget\" data-widget_type=\"text-editor.default\">\n\t\t\t\t<div class=\"elementor-widget-container\">\n\t\t\t\t\t\t\t\t\t<p style=\"margin: 0cm 0cm 15.0pt 0cm;\"><span lang=\"DE\">Nach einer intensiven k\u00f6rperlichen Anstrengung m\u00fcssen die Muskeln mit Sauerstoff und N\u00e4hrstoffen versorgt werden und Giftstoffe und \u00fcbersch\u00fcssige Fl\u00fcssigkeit ausscheiden. So k\u00f6nnen sie ihren optimalen Zustand wiederherstellen und sich besser auf die n\u00e4chste Beanspruchung vorbereiten. Eine vollst\u00e4ndige Erholung verbessert die Leistung und verringert das Risiko von Kr\u00e4mpfen und Verletzungen.<\/span><\/p>\t\t\t\t\t\t\t\t<\/div>\n\t\t\t\t<\/div>\n\t\t\t\t<div class=\"elementor-element elementor-element-e466d9c syd-sticky-section-no elementor-widget elementor-widget-text-editor\" data-id=\"e466d9c\" data-element_type=\"widget\" data-widget_type=\"text-editor.default\">\n\t\t\t\t<div class=\"elementor-widget-container\">\n\t\t\t\t\t\t\t\t\t<p><a href=\"https:\/\/wepere.com\/de\/behandlungen\/pressotherapie\/\"><em>Mehr \u00fcber die Pressotherapie erfahren<\/em><\/a><\/p>\t\t\t\t\t\t\t\t<\/div>\n\t\t\t\t<\/div>\n\t\t\t\t\t<\/div>\n\t\t<\/div>\n\t\t\t\t\t<\/div>\n\t\t<\/section>\n\t\t\t\t<section class=\"elementor-section elementor-top-section elementor-element elementor-element-38e82f1 elementor-section-boxed elementor-section-height-default elementor-section-height-default syd-sticky-section-no\" data-id=\"38e82f1\" data-element_type=\"section\">\n\t\t\t\t\t\t<div class=\"elementor-container elementor-column-gap-default\">\n\t\t\t\t\t<div class=\"elementor-column elementor-col-100 elementor-top-column elementor-element elementor-element-31b5144 syd-sticky-section-no\" data-id=\"31b5144\" data-element_type=\"column\">\n\t\t\t<div class=\"elementor-widget-wrap elementor-element-populated\">\n\t\t\t\t\t\t<div class=\"elementor-element elementor-element-99181d2 syd-sticky-section-no elementor-widget elementor-widget-heading\" data-id=\"99181d2\" data-element_type=\"widget\" data-widget_type=\"heading.default\">\n\t\t\t\t<div class=\"elementor-widget-container\">\n\t\t\t\t\t<h2 class=\"elementor-heading-title elementor-size-default\">Erholen Sie sich schneller von Verletzungen.<\/h2>\t\t\t\t<\/div>\n\t\t\t\t<\/div>\n\t\t\t\t<div class=\"elementor-element elementor-element-7c072ba syd-sticky-section-no elementor-widget elementor-widget-text-editor\" data-id=\"7c072ba\" data-element_type=\"widget\" data-widget_type=\"text-editor.default\">\n\t\t\t\t<div class=\"elementor-widget-container\">\n\t\t\t\t\t\t\t\t\t<p style=\"margin: 0cm 0cm 15.0pt 0cm;\"><span lang=\"DE\">Kontrakturen, Quetschungen oder Erm\u00fcdung von Sehnen und B\u00e4ndern. Beginnen Sie mit nur wenigen Ultraschallsitzungen sofort wieder mit dem Training. Wann und wo immer Sie wollen.<\/span><\/p>\t\t\t\t\t\t\t\t<\/div>\n\t\t\t\t<\/div>\n\t\t\t\t<div class=\"elementor-element elementor-element-4d9b335 syd-sticky-section-no elementor-widget elementor-widget-text-editor\" data-id=\"4d9b335\" data-element_type=\"widget\" data-widget_type=\"text-editor.default\">\n\t\t\t\t<div class=\"elementor-widget-container\">\n\t\t\t\t\t\t\t\t\t<p><em><a href=\"https:\/\/wepere.com\/de\/geraet\/restart\/\">Mehr \u00fcber Restart erfahren<\/a><\/em><\/p>\t\t\t\t\t\t\t\t<\/div>\n\t\t\t\t<\/div>\n\t\t\t\t<div class=\"elementor-element elementor-element-64b35d3 syd-sticky-section-no elementor-widget elementor-widget-text-editor\" data-id=\"64b35d3\" data-element_type=\"widget\" data-widget_type=\"text-editor.default\">\n\t\t\t\t<div class=\"elementor-widget-container\">\n\t\t\t\t\t\t\t\t\t<p style=\"margin: 0cm 0cm 15.0pt 0cm;\"><span lang=\"DE\">Frakturen, Gelenkschmerzen und Entz\u00fcndungen. F\u00f6rdern Sie den Genesungsprozess mit Magnetfeldtherapie.<\/span><\/p>\t\t\t\t\t\t\t\t<\/div>\n\t\t\t\t<\/div>\n\t\t\t\t<div class=\"elementor-element elementor-element-2db8ccb syd-sticky-section-no elementor-widget elementor-widget-text-editor\" data-id=\"2db8ccb\" data-element_type=\"widget\" data-widget_type=\"text-editor.default\">\n\t\t\t\t<div class=\"elementor-widget-container\">\n\t\t\t\t\t\t\t\t\t<p><a href=\"https:\/\/wepere.com\/de\/geraet\/lob\/\"><em>Mehr \u00fcber Lob erfahren<\/em><\/a><\/p>\t\t\t\t\t\t\t\t<\/div>\n\t\t\t\t<\/div>\n\t\t\t\t\t<\/div>\n\t\t<\/div>\n\t\t\t\t\t<\/div>\n\t\t<\/section>\n\t\t\t\t<section class=\"elementor-section elementor-top-section elementor-element elementor-element-30524bd elementor-section-boxed elementor-section-height-default elementor-section-height-default syd-sticky-section-no\" data-id=\"30524bd\" data-element_type=\"section\">\n\t\t\t\t\t\t<div class=\"elementor-container elementor-column-gap-default\">\n\t\t\t\t\t<div class=\"elementor-column elementor-col-100 elementor-top-column elementor-element elementor-element-a87ddb1 syd-sticky-section-no\" data-id=\"a87ddb1\" data-element_type=\"column\">\n\t\t\t<div class=\"elementor-widget-wrap elementor-element-populated\">\n\t\t\t\t\t\t<div class=\"elementor-element elementor-element-fa11a6c syd-sticky-section-no elementor-widget elementor-widget-heading\" data-id=\"fa11a6c\" data-element_type=\"widget\" data-widget_type=\"heading.default\">\n\t\t\t\t<div class=\"elementor-widget-container\">\n\t\t\t\t\t<h2 class=\"elementor-heading-title elementor-size-default\">Lassen Sie sich nicht von Verletzungen aufhalten.<\/h2>\t\t\t\t<\/div>\n\t\t\t\t<\/div>\n\t\t\t\t<div class=\"elementor-element elementor-element-0c576ff syd-sticky-section-no elementor-widget elementor-widget-text-editor\" data-id=\"0c576ff\" data-element_type=\"widget\" data-widget_type=\"text-editor.default\">\n\t\t\t\t<div class=\"elementor-widget-container\">\n\t\t\t\t\t\t\t\t\t<p>Wenn Sie nicht trainieren k\u00f6nnen, hilft Ihnen die Elektrostimulation, Ihren Muskeltonus zu erhalten. Sie trainiert die Muskeln selektiv und vermeidet eine \u00dcberlastung verletzter Gewebe.<\/p>\t\t\t\t\t\t\t\t<\/div>\n\t\t\t\t<\/div>\n\t\t\t\t<div class=\"elementor-element elementor-element-072c7f3 syd-sticky-section-no elementor-widget elementor-widget-text-editor\" data-id=\"072c7f3\" data-element_type=\"widget\" data-widget_type=\"text-editor.default\">\n\t\t\t\t<div class=\"elementor-widget-container\">\n\t\t\t\t\t\t\t\t\t<p><em><a href=\"https:\/\/wepere.com\/de\/behandlungen\/elektrostimulation\/\">Mehr \u00fcber die Elektrostimulation erfahren<\/a><\/em><\/p>\t\t\t\t\t\t\t\t<\/div>\n\t\t\t\t<\/div>\n\t\t\t\t\t<\/div>\n\t\t<\/div>\n\t\t\t\t\t<\/div>\n\t\t<\/section>\n\t\t\t\t<section class=\"elementor-section elementor-top-section elementor-element elementor-element-7299026 elementor-section-boxed elementor-section-height-default elementor-section-height-default syd-sticky-section-no\" data-id=\"7299026\" data-element_type=\"section\">\n\t\t\t\t\t\t<div class=\"elementor-container elementor-column-gap-default\">\n\t\t\t\t\t<div class=\"elementor-column elementor-col-100 elementor-top-column elementor-element elementor-element-5088faf syd-sticky-section-no\" data-id=\"5088faf\" data-element_type=\"column\">\n\t\t\t<div class=\"elementor-widget-wrap elementor-element-populated\">\n\t\t\t\t\t\t<div class=\"elementor-element elementor-element-7b899eb syd-sticky-section-no elementor-widget elementor-widget-heading\" data-id=\"7b899eb\" data-element_type=\"widget\" data-widget_type=\"heading.default\">\n\t\t\t\t<div class=\"elementor-widget-container\">\n\t\t\t\t\t<h2 class=\"elementor-heading-title elementor-size-default\">Bew\u00e4ltigen Sie den Schmerz.<\/h2>\t\t\t\t<\/div>\n\t\t\t\t<\/div>\n\t\t\t\t<div class=\"elementor-element elementor-element-f2d521b syd-sticky-section-no elementor-widget elementor-widget-text-editor\" data-id=\"f2d521b\" data-element_type=\"widget\" data-widget_type=\"text-editor.default\">\n\t\t\t\t<div class=\"elementor-widget-container\">\n\t\t\t\t\t\t\t\t\t<p style=\"margin: 0cm 0cm 15.0pt 0cm;\"><span lang=\"DE\">Dank der schnellen schmerzlindernden Wirkung der Elektrostimulation k\u00f6nnen Sie die Pausen reduzieren und schneller wieder mit dem Training beginnen.<\/span><\/p>\t\t\t\t\t\t\t\t<\/div>\n\t\t\t\t<\/div>\n\t\t\t\t<div class=\"elementor-element elementor-element-b9f71c6 syd-sticky-section-no elementor-widget elementor-widget-text-editor\" data-id=\"b9f71c6\" data-element_type=\"widget\" data-widget_type=\"text-editor.default\">\n\t\t\t\t<div class=\"elementor-widget-container\">\n\t\t\t\t\t\t\t\t\t<p><em><a href=\"https:\/\/wepere.com\/de\/geraet\/mio-care-fitness\/\">Mehr \u00fcber Mio-Care Fitness erfahren<\/a><\/em><\/p>\t\t\t\t\t\t\t\t<\/div>\n\t\t\t\t<\/div>\n\t\t\t\t\t<\/div>\n\t\t<\/div>\n\t\t\t\t\t<\/div>\n\t\t<\/section>\n\t\t\t\t<\/div>\n\t\t","protected":false},"excerpt":{"rendered":"<p>\u201eDie richtige Erholung ist nicht nur nach dem Wettkampf, sondern auch nach dem Training entscheidend. Um Verletzungen vorzubeugen und das h\u00f6chstm\u00f6gliche w\u00f6chentliche [&hellip;]<\/p>\n","protected":false},"author":1748,"featured_media":0,"parent":0,"menu_order":12,"comment_status":"closed","ping_status":"closed","template":"template-scopes.php","meta":{"_acf_changed":false,"_joinchat":[],"footnotes":""},"class_list":["post-22615","page","type-page","status-publish","hentry"],"acf":[],"_links":{"self":[{"href":"https:\/\/wepere.com\/de\/wp-json\/wp\/v2\/pages\/22615","targetHints":{"allow":["GET"]}}],"collection":[{"href":"https:\/\/wepere.com\/de\/wp-json\/wp\/v2\/pages"}],"about":[{"href":"https:\/\/wepere.com\/de\/wp-json\/wp\/v2\/types\/page"}],"author":[{"embeddable":true,"href":"https:\/\/wepere.com\/de\/wp-json\/wp\/v2\/users\/1748"}],"replies":[{"embeddable":true,"href":"https:\/\/wepere.com\/de\/wp-json\/wp\/v2\/comments?post=22615"}],"version-history":[{"count":3,"href":"https:\/\/wepere.com\/de\/wp-json\/wp\/v2\/pages\/22615\/revisions"}],"predecessor-version":[{"id":36068,"href":"https:\/\/wepere.com\/de\/wp-json\/wp\/v2\/pages\/22615\/revisions\/36068"}],"wp:attachment":[{"href":"https:\/\/wepere.com\/de\/wp-json\/wp\/v2\/media?parent=22615"}],"curies":[{"name":"wp","href":"https:\/\/api.w.org\/{rel}","templated":true}]}}