{"id":28257,"date":"2022-09-30T16:21:27","date_gmt":"2022-09-30T14:21:27","guid":{"rendered":"https:\/\/wepere.com\/?page_id=28257"},"modified":"2025-12-09T08:23:20","modified_gmt":"2025-12-09T07:23:20","slug":"cookie-policy","status":"publish","type":"page","link":"https:\/\/wepere.com\/de\/cookie-policy\/","title":{"rendered":"Cookie-Richtlinie"},"content":{"rendered":"\t\t<div data-elementor-type=\"wp-page\" data-elementor-id=\"28257\" class=\"elementor elementor-28257 elementor-1124\" data-elementor-post-type=\"page\">\n\t\t\t\t\t\t<section class=\"elementor-section elementor-top-section elementor-element elementor-element-6d1f7a9 elementor-section-boxed elementor-section-height-default elementor-section-height-default syd-sticky-section-no\" data-id=\"6d1f7a9\" data-element_type=\"section\">\n\t\t\t\t\t\t<div class=\"elementor-container elementor-column-gap-default\">\n\t\t\t\t\t<div class=\"elementor-column elementor-col-100 elementor-top-column elementor-element elementor-element-f9a955a syd-sticky-section-no\" data-id=\"f9a955a\" data-element_type=\"column\" id=\"policy-container\">\n\t\t\t<div class=\"elementor-widget-wrap elementor-element-populated\">\n\t\t\t\t\t\t<div class=\"elementor-element elementor-element-55a9c70 syd-sticky-section-no elementor-widget elementor-widget-heading\" data-id=\"55a9c70\" data-element_type=\"widget\" data-widget_type=\"heading.default\">\n\t\t\t\t<div class=\"elementor-widget-container\">\n\t\t\t\t\t<h1 class=\"elementor-heading-title elementor-size-default\">COOKIE-ERKL\u00c4RUNG-VORWORT<\/h1>\t\t\t\t<\/div>\n\t\t\t\t<\/div>\n\t\t\t\t<div class=\"elementor-element elementor-element-461ead7 syd-sticky-section-no elementor-widget elementor-widget-heading\" data-id=\"461ead7\" data-element_type=\"widget\" data-widget_type=\"heading.default\">\n\t\t\t\t<div class=\"elementor-widget-container\">\n\t\t\t\t\t<h3 class=\"elementor-heading-title elementor-size-default\">Voraussetzung<\/h3>\t\t\t\t<\/div>\n\t\t\t\t<\/div>\n\t\t\t\t<div class=\"elementor-element elementor-element-346df93 syd-sticky-section-no elementor-widget elementor-widget-text-editor\" data-id=\"346df93\" data-element_type=\"widget\" data-widget_type=\"text-editor.default\">\n\t\t\t\t<div class=\"elementor-widget-container\">\n\t\t\t\t\t\t\t\t\t<p>In dieser Cookie-Erkl\u00e4rung wird in \u00dcbereinstimmung mit den geltenden Rechtsvorschriften erkl\u00e4rt, was Cookies sind und wie sie von der Website <strong>wepere.com<\/strong> verwendet werden.<br \/>Diese Erkl\u00e4rung, deren G\u00fcltigkeitsbereich sich auf die genannte Website beschr\u00e4nkt, ist ein wesentlicher Bestandteil der Datenschutzerkl\u00e4rung, auf die wir f\u00fcr weitere Informationen verweisen.<br \/>Sie k\u00f6nnen in jedem Moment Ihre Zustimmung zur Cookie-Erkl\u00e4rung auf unserer Website \u00e4ndern oder widerrufen.<\/p>\t\t\t\t\t\t\t\t<\/div>\n\t\t\t\t<\/div>\n\t\t\t\t<div class=\"elementor-element elementor-element-dfc9224 syd-sticky-section-no elementor-widget elementor-widget-heading\" data-id=\"dfc9224\" data-element_type=\"widget\" data-widget_type=\"heading.default\">\n\t\t\t\t<div class=\"elementor-widget-container\">\n\t\t\t\t\t<h3 class=\"elementor-heading-title elementor-size-default\">Verantwortlicher der Datenverarbeitung<\/h3>\t\t\t\t<\/div>\n\t\t\t\t<\/div>\n\t\t\t\t<div class=\"elementor-element elementor-element-107ce19 syd-sticky-section-no elementor-widget elementor-widget-text-editor\" data-id=\"107ce19\" data-element_type=\"widget\" data-widget_type=\"text-editor.default\">\n\t\t\t\t<div class=\"elementor-widget-container\">\n\t\t\t\t\t\t\t\t\t<p>IACER S.r.l., mit Gesch\u00e4ftssitz in <br \/>via Enzo Ferrari n. 2,<br \/>30037 &#8211; Scorz\u00e8 (VE)<br \/>St.Nr. \/ USt.Nr. 00185480274 <br \/>REA: VE 120250<br \/>kann \u00fcber die E-Mail\u00a0<strong>iacer@iacer.it <\/strong>kontaktiert werden<\/p>\t\t\t\t\t\t\t\t<\/div>\n\t\t\t\t<\/div>\n\t\t\t\t<div class=\"elementor-element elementor-element-fe1a4bc syd-sticky-section-no elementor-widget elementor-widget-heading\" data-id=\"fe1a4bc\" data-element_type=\"widget\" data-widget_type=\"heading.default\">\n\t\t\t\t<div class=\"elementor-widget-container\">\n\t\t\t\t\t<h3 class=\"elementor-heading-title elementor-size-default\">Identit\u00e4t- und Kontaktdatenschutzbeauftragter <\/h3>\t\t\t\t<\/div>\n\t\t\t\t<\/div>\n\t\t\t\t<div class=\"elementor-element elementor-element-3dbc5e8 syd-sticky-section-no elementor-widget elementor-widget-text-editor\" data-id=\"3dbc5e8\" data-element_type=\"widget\" data-widget_type=\"text-editor.default\">\n\t\t\t\t<div class=\"elementor-widget-container\">\n\t\t\t\t\t\t\t\t\t<p>Wir m\u00f6chten Sie dar\u00fcber informieren, dass der Verantwortliche f\u00fcr die Datenverarbeitung gem\u00e4\u00df Artikel 37 DSGVO einen Datenschutzbeauftragten benannt hat, der \u00fcber die folgenden E-Mail-Kan\u00e4le erreichbar ist: m.sacheli@fiscleg.it \u2013 Tel.: +39 049 8771611.<\/p>\t\t\t\t\t\t\t\t<\/div>\n\t\t\t\t<\/div>\n\t\t\t\t<div class=\"elementor-element elementor-element-902b4b6 syd-sticky-section-no elementor-widget elementor-widget-heading\" data-id=\"902b4b6\" data-element_type=\"widget\" data-widget_type=\"heading.default\">\n\t\t\t\t<div class=\"elementor-widget-container\">\n\t\t\t\t\t<h3 class=\"elementor-heading-title elementor-size-default\">Was sind Cookies?<\/h3>\t\t\t\t<\/div>\n\t\t\t\t<\/div>\n\t\t\t\t<div class=\"elementor-element elementor-element-fd6f0a5 syd-sticky-section-no elementor-widget elementor-widget-text-editor\" data-id=\"fd6f0a5\" data-element_type=\"widget\" data-widget_type=\"text-editor.default\">\n\t\t\t\t<div class=\"elementor-widget-container\">\n\t\t\t\t\t\t\t\t\t<p>Cookies sind kleine Textdateien, die zum Speichern von Informationen verwendet werden. Genauer gesagt, werden Cookies auf das vom Benutzer zum Besuchen der Webseite verwendete Ger\u00e4t abgelegt, um beim n\u00e4chsten Besuch auf dieselbe Website zur\u00fcckgesendet zu werden.<\/p><p>Diese Cookies helfen uns, die Website funktionieren zu lassen, sie sicherer zu machen, ein besseres Benutzererlebnis zu liefern und zu verstehen, wie die Website funktioniert und zu analysieren, was gut funktioniert und wo Besserungen notwendig sind.<\/p>\t\t\t\t\t\t\t\t<\/div>\n\t\t\t\t<\/div>\n\t\t\t\t<div class=\"elementor-element elementor-element-22575a9 syd-sticky-section-no elementor-widget elementor-widget-heading\" data-id=\"22575a9\" data-element_type=\"widget\" data-widget_type=\"heading.default\">\n\t\t\t\t<div class=\"elementor-widget-container\">\n\t\t\t\t\t<h3 class=\"elementor-heading-title elementor-size-default\">Wie verwenden wir die Cookies?<\/h3>\t\t\t\t<\/div>\n\t\t\t\t<\/div>\n\t\t\t\t<div class=\"elementor-element elementor-element-be775b9 syd-sticky-section-no elementor-widget elementor-widget-text-editor\" data-id=\"be775b9\" data-element_type=\"widget\" data-widget_type=\"text-editor.default\">\n\t\t\t\t<div class=\"elementor-widget-container\">\n\t\t\t\t\t\t\t\t\t<p>Die oben genannte Website verwendet ihre eigenen Cookies (\u201eErstanbieter-Cookies\u201c ) und die Cookies von Drittanbietern f\u00fcr eine Reihe von Zwecken, die im Folgenden ausf\u00fchrlicher genannt werden. <br \/>Unsere eigenen Cookies sind notwendig f\u00fcr den korrekten Betrieb der Website und sammeln keine Daten, mit denen man den Benutzer identifizieren kann.<\/p><p>Die auf unserer Website verwendeten Drittanbieter-Cookies werden haupts\u00e4chlich eingesetzt, um zu verstehen, wie die Website funktioniert und wie der Benutzer mit unserer Website interagiert, ohne damit die Sicherheit unserer angebotenen Dienste zu gef\u00e4hrden. Durch sie werden sachbezogene Werbeanzeigen geschaltet und es wird ein besserer Dienst geliefert, indem Ihre zuk\u00fcnftigen Interaktionen mit unserer Website schneller gemacht werden.<\/p>\t\t\t\t\t\t\t\t<\/div>\n\t\t\t\t<\/div>\n\t\t\t\t<div class=\"elementor-element elementor-element-e995bf2 syd-sticky-section-no elementor-widget elementor-widget-heading\" data-id=\"e995bf2\" data-element_type=\"widget\" data-widget_type=\"heading.default\">\n\t\t\t\t<div class=\"elementor-widget-container\">\n\t\t\t\t\t<h3 class=\"elementor-heading-title elementor-size-default\">Welche Arten von Cookies verwenden wir?<\/h3>\t\t\t\t<\/div>\n\t\t\t\t<\/div>\n\t\t\t\t<div class=\"elementor-element elementor-element-5a85892 syd-sticky-section-no elementor-widget elementor-widget-text-editor\" data-id=\"5a85892\" data-element_type=\"widget\" data-widget_type=\"text-editor.default\">\n\t\t\t\t<div class=\"elementor-widget-container\">\n\t\t\t\t\t\t\t\t\t<p>Wir verwenden auf unserer Website Cookies der folgenden Kategorien.<\/p>\t\t\t\t\t\t\t\t<\/div>\n\t\t\t\t<\/div>\n\t\t\t\t<div class=\"elementor-element elementor-element-569d92b syd-sticky-section-no elementor-widget elementor-widget-shortcode\" data-id=\"569d92b\" data-element_type=\"widget\" data-widget_type=\"shortcode.default\">\n\t\t\t\t<div class=\"elementor-widget-container\">\n\t\t\t\t\t\t\t<div class=\"elementor-shortcode\">[wcc_category_list]<\/div>\n\t\t\t\t\t\t<\/div>\n\t\t\t\t<\/div>\n\t\t\t\t<div class=\"elementor-element elementor-element-d9e0e53 syd-sticky-section-no elementor-widget elementor-widget-heading\" data-id=\"d9e0e53\" data-element_type=\"widget\" data-widget_type=\"heading.default\">\n\t\t\t\t<div class=\"elementor-widget-container\">\n\t\t\t\t\t<h3 class=\"elementor-heading-title elementor-size-default\">Wie kann ich meine Cookie-Pr\u00e4ferenzen einstellen?<\/h3>\t\t\t\t<\/div>\n\t\t\t\t<\/div>\n\t\t\t\t<div class=\"elementor-element elementor-element-6a53c3e syd-sticky-section-no elementor-widget elementor-widget-text-editor\" data-id=\"6a53c3e\" data-element_type=\"widget\" data-widget_type=\"text-editor.default\">\n\t\t\t\t<div class=\"elementor-widget-container\">\n\t\t\t\t\t\t\t\t\t<p>Sie k\u00f6nnen Ihre Cookie-Pr\u00e4ferenzen einstellen, indem Sie auf die Schaltfl\u00e4che \u201eEinstellungen\u201c klicken und die Cookie-Kategorien, die in dem Popup-Fenster aufgelistet sind, gem\u00e4\u00df ihren Pr\u00e4ferenzen zulassen oder blockieren.<\/p><p>Wenn Sie Ihre Pr\u00e4ferenzen zu einem sp\u00e4teren Zeitpunkt w\u00e4hrend Ihrer Navigationssitzung \u00e4ndern m\u00f6chten sollten, k\u00f6nnen Sie auf die Registerkarte \u201c<strong>Ihre Einwilligung verwalten<\/strong>\u201d auf dem Bildschirm klicken. Dadurch wird erneut der Einwilligungshinweis ge\u00f6ffnet und Sie k\u00f6nnen Ihre Pr\u00e4ferenzen neu einstellen oder Ihre Einwilligung komplett widerrufen.<\/p><p><strong>Je nach Art des Browsers, den Sie zum Surfen verwenden, konsultieren Sie bitte die vom Hersteller bereitgestellte Dokumentation, um die Verwendung von Cookies einzuschr\u00e4nken oder zu blockieren.<\/strong><\/p>\t\t\t\t\t\t\t\t<\/div>\n\t\t\t\t<\/div>\n\t\t\t\t<div class=\"elementor-element elementor-element-6474893 syd-sticky-section-no elementor-widget elementor-widget-text-editor\" data-id=\"6474893\" data-element_type=\"widget\" data-widget_type=\"text-editor.default\">\n\t\t\t\t<div class=\"elementor-widget-container\">\n\t\t\t\t\t\t\t\t\t<p style=\"text-align: right;\">Letzte Aktualisierung: <strong>8. Juni 2023<\/strong><\/p>\t\t\t\t\t\t\t\t<\/div>\n\t\t\t\t<\/div>\n\t\t\t\t\t<\/div>\n\t\t<\/div>\n\t\t\t\t\t<\/div>\n\t\t<\/section>\n\t\t\t\t<\/div>\n\t\t","protected":false},"excerpt":{"rendered":"<p>COOKIE-ERKL\u00c4RUNG-VORWORT Voraussetzung In dieser Cookie-Erkl\u00e4rung wird in \u00dcbereinstimmung mit den geltenden Rechtsvorschriften erkl\u00e4rt, was Cookies sind und wie sie von der Website [&hellip;]<\/p>\n","protected":false},"author":1748,"featured_media":0,"parent":0,"menu_order":101,"comment_status":"closed","ping_status":"closed","template":"","meta":{"_acf_changed":false,"_joinchat":[],"footnotes":""},"class_list":["post-28257","page","type-page","status-publish","hentry"],"acf":[],"_links":{"self":[{"href":"https:\/\/wepere.com\/de\/wp-json\/wp\/v2\/pages\/28257","targetHints":{"allow":["GET"]}}],"collection":[{"href":"https:\/\/wepere.com\/de\/wp-json\/wp\/v2\/pages"}],"about":[{"href":"https:\/\/wepere.com\/de\/wp-json\/wp\/v2\/types\/page"}],"author":[{"embeddable":true,"href":"https:\/\/wepere.com\/de\/wp-json\/wp\/v2\/users\/1748"}],"replies":[{"embeddable":true,"href":"https:\/\/wepere.com\/de\/wp-json\/wp\/v2\/comments?post=28257"}],"version-history":[{"count":9,"href":"https:\/\/wepere.com\/de\/wp-json\/wp\/v2\/pages\/28257\/revisions"}],"predecessor-version":[{"id":76767,"href":"https:\/\/wepere.com\/de\/wp-json\/wp\/v2\/pages\/28257\/revisions\/76767"}],"wp:attachment":[{"href":"https:\/\/wepere.com\/de\/wp-json\/wp\/v2\/media?parent=28257"}],"curies":[{"name":"wp","href":"https:\/\/api.w.org\/{rel}","templated":true}]}}