{"id":29141,"date":"2022-10-03T17:42:56","date_gmt":"2022-10-03T15:42:56","guid":{"rendered":"https:\/\/wepere.com\/?page_id=29141"},"modified":"2023-07-10T10:46:06","modified_gmt":"2023-07-10T08:46:06","slug":"allgemeine-geschaeftsbedingungen","status":"publish","type":"page","link":"https:\/\/wepere.com\/de\/allgemeine-geschaeftsbedingungen\/","title":{"rendered":"Allgemeine Gesch\u00e4ftsbedingungen"},"content":{"rendered":"\t\t<div data-elementor-type=\"wp-page\" data-elementor-id=\"29141\" class=\"elementor elementor-29141 elementor-29136\" data-elementor-post-type=\"page\">\n\t\t\t\t\t\t<section class=\"elementor-section elementor-top-section elementor-element elementor-element-5e88372c elementor-section-boxed elementor-section-height-default elementor-section-height-default syd-sticky-section-no\" data-id=\"5e88372c\" data-element_type=\"section\">\n\t\t\t\t\t\t<div class=\"elementor-container elementor-column-gap-default\">\n\t\t\t\t\t<div class=\"elementor-column elementor-col-100 elementor-top-column elementor-element elementor-element-770b5467 syd-sticky-section-no\" data-id=\"770b5467\" data-element_type=\"column\">\n\t\t\t<div class=\"elementor-widget-wrap elementor-element-populated\">\n\t\t\t\t\t\t<div class=\"elementor-element elementor-element-8d07a30 syd-sticky-section-no elementor-widget elementor-widget-heading\" data-id=\"8d07a30\" data-element_type=\"widget\" data-widget_type=\"heading.default\">\n\t\t\t\t<div class=\"elementor-widget-container\">\n\t\t\t\t\t<h1 class=\"elementor-heading-title elementor-size-default\">Allgemeine Gesch\u00e4ftsbedingungen<\/h1>\t\t\t\t<\/div>\n\t\t\t\t<\/div>\n\t\t\t\t<div class=\"elementor-element elementor-element-8d388a3 syd-sticky-section-no elementor-widget elementor-widget-heading\" data-id=\"8d388a3\" data-element_type=\"widget\" data-widget_type=\"heading.default\">\n\t\t\t\t<div class=\"elementor-widget-container\">\n\t\t\t\t\t<h2 class=\"elementor-heading-title elementor-size-default\">1. Allgemeine Bestimmungen<\/h2>\t\t\t\t<\/div>\n\t\t\t\t<\/div>\n\t\t\t\t<div class=\"elementor-element elementor-element-864cb04 syd-sticky-section-no elementor-widget elementor-widget-text-editor\" data-id=\"864cb04\" data-element_type=\"widget\" data-widget_type=\"text-editor.default\">\n\t\t\t\t<div class=\"elementor-widget-container\">\n\t\t\t\t\t\t\t\t\t<p>Unsere Erstattungs- und R\u00fcckgabebestimmungen gelten f\u00fcr 15 Tage. Wenn seit Ihrem Kauf 15 Tage vergangen sind, k\u00f6nnen wir Ihnen keine vollst\u00e4ndige R\u00fcckerstattung anbieten.<\/p><p>Um f\u00fcr eine R\u00fcckgabe in Frage zu kommen, muss Ihr Artikel unbenutzt sein und sich in demselben Zustand befinden, in dem Sie ihn erhalten haben. Au\u00dferdem muss er sich in der Originalverpackung befinden.<\/p><p>F\u00fcr die R\u00fcckgabe ben\u00f6tigen wir eine Quittung oder einen Kaufbeleg.<\/p><p>Bitte senden Sie Ihren Kauf nicht ohne Genehmigung an WEPERE zur\u00fcck.<br \/>Um Ihr Produkt zur\u00fcckzusenden, m\u00fcssen Sie uns zun\u00e4chst eine E-Mail an <a href=\"mailto:kundenservice@wepere.com\"><strong>kundenservice@wepere.com<\/strong><\/a> schicken: Wir werden Ihnen dann mit den Anweisungen f\u00fcr die R\u00fccksendung antworten.<\/p>\t\t\t\t\t\t\t\t<\/div>\n\t\t\t\t<\/div>\n\t\t\t\t<div class=\"elementor-element elementor-element-1f82a7b syd-sticky-section-no elementor-widget elementor-widget-heading\" data-id=\"1f82a7b\" data-element_type=\"widget\" data-widget_type=\"heading.default\">\n\t\t\t\t<div class=\"elementor-widget-container\">\n\t\t\t\t\t<h2 class=\"elementor-heading-title elementor-size-default\">2. R\u00fcckerstattung<\/h2>\t\t\t\t<\/div>\n\t\t\t\t<\/div>\n\t\t\t\t<div class=\"elementor-element elementor-element-a611166 syd-sticky-section-no elementor-widget elementor-widget-text-editor\" data-id=\"a611166\" data-element_type=\"widget\" data-widget_type=\"text-editor.default\">\n\t\t\t\t<div class=\"elementor-widget-container\">\n\t\t\t\t\t\t\t\t\t<p>Sobald wir Ihre R\u00fccksendung erhalten und gepr\u00fcft haben, senden wir Ihnen eine E-Mail, um Sie dar\u00fcber zu informieren, dass wir Ihren zur\u00fcckgesandten Artikel erhalten haben. Wir informieren Sie auch \u00fcber die Genehmigung oder Ablehnung Ihrer R\u00fcckerstattung.<\/p><p>Im Falle einer Genehmigung wird Ihre R\u00fcckerstattung bearbeitet und innerhalb von sieben (7) Tagen automatisch auf Ihre Kreditkarte oder Ihre urspr\u00fcngliche Zahlungsmethode zur\u00fcckgebucht.<\/p>\t\t\t\t\t\t\t\t<\/div>\n\t\t\t\t<\/div>\n\t\t\t\t<div class=\"elementor-element elementor-element-3fbdc63 syd-sticky-section-no elementor-widget elementor-widget-heading\" data-id=\"3fbdc63\" data-element_type=\"widget\" data-widget_type=\"heading.default\">\n\t\t\t\t<div class=\"elementor-widget-container\">\n\t\t\t\t\t<h2 class=\"elementor-heading-title elementor-size-default\">3. Versp\u00e4tete oder fehlende R\u00fcckerstattungen<\/h2>\t\t\t\t<\/div>\n\t\t\t\t<\/div>\n\t\t\t\t<div class=\"elementor-element elementor-element-b7e0e25 syd-sticky-section-no elementor-widget elementor-widget-text-editor\" data-id=\"b7e0e25\" data-element_type=\"widget\" data-widget_type=\"text-editor.default\">\n\t\t\t\t<div class=\"elementor-widget-container\">\n\t\t\t\t\t\t\t\t\t<p>Wenn Sie noch keine R\u00fcckerstattung erhalten haben, pr\u00fcfen Sie zun\u00e4chst Ihr Bankkonto erneut.<\/p><p>Wenden Sie sich dann an Ihr Kreditkartenunternehmen, da es einige Zeit dauern kann, bis Ihre Erstattung offiziell verbucht wird.<\/p><p>Wenden Sie sich dann an Ihre Bank. Oft dauert es einige Zeit, bis eine R\u00fcckerstattung verbucht wird.<\/p><p>Wenn Sie all dies getan haben und Ihre R\u00fcckerstattung immer noch nicht erhalten haben, kontaktieren Sie uns bitte unter <a href=\"mailto:kundenservice@wepere.com\"><strong>kundenservice@wepere.com<\/strong><\/a>.<\/p>\t\t\t\t\t\t\t\t<\/div>\n\t\t\t\t<\/div>\n\t\t\t\t<div class=\"elementor-element elementor-element-a880b89 syd-sticky-section-no elementor-widget elementor-widget-heading\" data-id=\"a880b89\" data-element_type=\"widget\" data-widget_type=\"heading.default\">\n\t\t\t\t<div class=\"elementor-widget-container\">\n\t\t\t\t\t<h2 class=\"elementor-heading-title elementor-size-default\">4. Kosten der R\u00fccksendung<\/h2>\t\t\t\t<\/div>\n\t\t\t\t<\/div>\n\t\t\t\t<div class=\"elementor-element elementor-element-a7c5b28 syd-sticky-section-no elementor-widget elementor-widget-text-editor\" data-id=\"a7c5b28\" data-element_type=\"widget\" data-widget_type=\"text-editor.default\">\n\t\t\t\t<div class=\"elementor-widget-container\">\n\t\t\t\t\t\t\t\t\t<p>Sie m\u00fcssen die Versandkosten f\u00fcr die R\u00fccksendung Ihres Artikels selbst tragen. Die Versandkosten sind nicht erstattungsf\u00e4hig.<\/p>\t\t\t\t\t\t\t\t<\/div>\n\t\t\t\t<\/div>\n\t\t\t\t<div class=\"elementor-element elementor-element-2d95330 syd-sticky-section-no elementor-widget elementor-widget-heading\" data-id=\"2d95330\" data-element_type=\"widget\" data-widget_type=\"heading.default\">\n\t\t\t\t<div class=\"elementor-widget-container\">\n\t\t\t\t\t<h2 class=\"elementor-heading-title elementor-size-default\">5. Brauchen Sie Hilfe?<\/h2>\t\t\t\t<\/div>\n\t\t\t\t<\/div>\n\t\t\t\t<div class=\"elementor-element elementor-element-92221e7 syd-sticky-section-no elementor-widget elementor-widget-text-editor\" data-id=\"92221e7\" data-element_type=\"widget\" data-widget_type=\"text-editor.default\">\n\t\t\t\t<div class=\"elementor-widget-container\">\n\t\t\t\t\t\t\t\t\t<p>Kontaktieren Sie uns unter <a href=\"mailto:kundenservice@wepere.com\"><strong>kundenservice@wepere.com<\/strong><\/a> f\u00fcr Fragen zu R\u00fcckerstattungen und R\u00fccksendungen.<\/p>\t\t\t\t\t\t\t\t<\/div>\n\t\t\t\t<\/div>\n\t\t\t\t\t<\/div>\n\t\t<\/div>\n\t\t\t\t\t<\/div>\n\t\t<\/section>\n\t\t\t\t<\/div>\n\t\t","protected":false},"excerpt":{"rendered":"<p>Allgemeine Gesch\u00e4ftsbedingungen 1. Allgemeine Bestimmungen Unsere Erstattungs- und R\u00fcckgabebestimmungen gelten f\u00fcr 15 Tage. Wenn seit Ihrem Kauf 15 Tage vergangen sind, k\u00f6nnen [&hellip;]<\/p>\n","protected":false},"author":1,"featured_media":0,"parent":0,"menu_order":104,"comment_status":"closed","ping_status":"closed","template":"","meta":{"_acf_changed":false,"_joinchat":[],"footnotes":""},"class_list":["post-29141","page","type-page","status-publish","hentry"],"acf":[],"_links":{"self":[{"href":"https:\/\/wepere.com\/de\/wp-json\/wp\/v2\/pages\/29141","targetHints":{"allow":["GET"]}}],"collection":[{"href":"https:\/\/wepere.com\/de\/wp-json\/wp\/v2\/pages"}],"about":[{"href":"https:\/\/wepere.com\/de\/wp-json\/wp\/v2\/types\/page"}],"author":[{"embeddable":true,"href":"https:\/\/wepere.com\/de\/wp-json\/wp\/v2\/users\/1"}],"replies":[{"embeddable":true,"href":"https:\/\/wepere.com\/de\/wp-json\/wp\/v2\/comments?post=29141"}],"version-history":[{"count":3,"href":"https:\/\/wepere.com\/de\/wp-json\/wp\/v2\/pages\/29141\/revisions"}],"predecessor-version":[{"id":38874,"href":"https:\/\/wepere.com\/de\/wp-json\/wp\/v2\/pages\/29141\/revisions\/38874"}],"wp:attachment":[{"href":"https:\/\/wepere.com\/de\/wp-json\/wp\/v2\/media?parent=29141"}],"curies":[{"name":"wp","href":"https:\/\/api.w.org\/{rel}","templated":true}]}}