{"id":36575,"date":"2022-11-11T14:43:45","date_gmt":"2022-11-11T13:43:45","guid":{"rendered":"https:\/\/wepere.com\/?page_id=36575"},"modified":"2025-12-16T17:14:31","modified_gmt":"2025-12-16T16:14:31","slug":"allgemeine-geschaeftsbedingungen-website","status":"publish","type":"page","link":"https:\/\/wepere.com\/de\/allgemeine-geschaeftsbedingungen-website\/","title":{"rendered":"Allgemeine Gesch\u00e4ftsbedingungen der Website"},"content":{"rendered":"\t\t<div data-elementor-type=\"wp-page\" data-elementor-id=\"36575\" class=\"elementor elementor-36575 elementor-35909\" data-elementor-post-type=\"page\">\n\t\t\t\t\t\t<section class=\"elementor-section elementor-top-section elementor-element elementor-element-e7f9e9c elementor-section-boxed elementor-section-height-default elementor-section-height-default syd-sticky-section-no\" data-id=\"e7f9e9c\" data-element_type=\"section\">\n\t\t\t\t\t\t<div class=\"elementor-container elementor-column-gap-default\">\n\t\t\t\t\t<div class=\"elementor-column elementor-col-100 elementor-top-column elementor-element elementor-element-dbe99e5 syd-sticky-section-no\" data-id=\"dbe99e5\" data-element_type=\"column\">\n\t\t\t<div class=\"elementor-widget-wrap elementor-element-populated\">\n\t\t\t\t\t\t<div class=\"elementor-element elementor-element-7e3edb8 syd-sticky-section-no elementor-widget elementor-widget-heading\" data-id=\"7e3edb8\" data-element_type=\"widget\" data-widget_type=\"heading.default\">\n\t\t\t\t<div class=\"elementor-widget-container\">\n\t\t\t\t\t<h1 class=\"elementor-heading-title elementor-size-default\">Allgemeine Gesch\u00e4ftsbedingungen der WEBSITE<\/h1>\t\t\t\t<\/div>\n\t\t\t\t<\/div>\n\t\t\t\t<div class=\"elementor-element elementor-element-8b14842 syd-sticky-section-no elementor-widget elementor-widget-heading\" data-id=\"8b14842\" data-element_type=\"widget\" data-widget_type=\"heading.default\">\n\t\t\t\t<div class=\"elementor-widget-container\">\n\t\t\t\t\t<h2 class=\"elementor-heading-title elementor-size-default\">1. EINLEITUNG<\/h2>\t\t\t\t<\/div>\n\t\t\t\t<\/div>\n\t\t\t\t<div class=\"elementor-element elementor-element-0b1f08b syd-sticky-section-no elementor-widget elementor-widget-text-editor\" data-id=\"0b1f08b\" data-element_type=\"widget\" data-widget_type=\"text-editor.default\">\n\t\t\t\t<div class=\"elementor-widget-container\">\n\t\t\t\t\t\t\t\t\t<p>In diesem Dokument sind die Gesch\u00e4fts- und Nutzungsbedingungen der Website https:\/\/wepere.com\/ (nachfolgend Website) festgelegt.<\/p><p>Mit dem \u00d6ffnen und Surfen auf der Website auf einem Computer, Smartphone, Tablet oder anderem Ger\u00e4t <span style=\"text-decoration: underline;\">best\u00e4tigt der Benutzer, dass er dieses Dokument \u00fcber die Gesch\u00e4fts- und Nutzungsbedingungen<\/span> der Website https:\/\/wepere.com\/ aufmerksam gelesen hat.<\/p>\t\t\t\t\t\t\t\t<\/div>\n\t\t\t\t<\/div>\n\t\t\t\t<div class=\"elementor-element elementor-element-aa95b55 syd-sticky-section-no elementor-widget elementor-widget-heading\" data-id=\"aa95b55\" data-element_type=\"widget\" data-widget_type=\"heading.default\">\n\t\t\t\t<div class=\"elementor-widget-container\">\n\t\t\t\t\t<h2 class=\"elementor-heading-title elementor-size-default\">2. GEGENSTAND DES \u00dcBER DIE NAVIGATION AUF DER WEBSITE ERBRACHTEN DIENSTES<\/h2>\t\t\t\t<\/div>\n\t\t\t\t<\/div>\n\t\t\t\t<div class=\"elementor-element elementor-element-f2a6ada syd-sticky-section-no elementor-widget elementor-widget-text-editor\" data-id=\"f2a6ada\" data-element_type=\"widget\" data-widget_type=\"text-editor.default\">\n\t\t\t\t<div class=\"elementor-widget-container\">\n\t\t\t\t\t\t\t\t\t<p>Die Website liefert technische Hinweise f\u00fcr die vom Inhaber gekauften Ger\u00e4te und die verschiedenen behandelten Problembereiche, und erlaubt dem Benutzer, \u00fcber die entsprechenden Formulare (Kontaktformular f\u00fcr den Kauf, technische Hilfe, Kundendienst) kontaktiert zu werden, damit seinen spezifischen Anfragen nachgekommen werden kann (der Dienst &#8211; freiwillig).<\/p><p>Sie erlaubt dem an den vom Inhaber verkauften Ger\u00e4ten interessierten Benutzer, die Produkte \u00fcber die entsprechenden Funktionen auf der Website zu kaufen (der Online-Shop-freiwillig).<\/p><p>Sie erlaubt den interessierten Benutzern, sich f\u00fcr den Newsletter anzumelden und sich die in die Seite f\u00fcr den Blog eingef\u00fcgten Inhalte anzusehen.<\/p><p>Wir verweisen auf die unter dem Punkt 7 dieses Dokuments angegebene Datenschutzerkl\u00e4rung f\u00fcr die spezifischen Informationen \u00fcber die Verarbeitung personenbezogener Daten.<\/p>\t\t\t\t\t\t\t\t<\/div>\n\t\t\t\t<\/div>\n\t\t\t\t<div class=\"elementor-element elementor-element-9d5ae62 syd-sticky-section-no elementor-widget elementor-widget-heading\" data-id=\"9d5ae62\" data-element_type=\"widget\" data-widget_type=\"heading.default\">\n\t\t\t\t<div class=\"elementor-widget-container\">\n\t\t\t\t\t<h2 class=\"elementor-heading-title elementor-size-default\">3. INHABER DER RECHTE AN DER WEBSITE<\/h2>\t\t\t\t<\/div>\n\t\t\t\t<\/div>\n\t\t\t\t<div class=\"elementor-element elementor-element-bfac868 syd-sticky-section-no elementor-widget elementor-widget-text-editor\" data-id=\"bfac868\" data-element_type=\"widget\" data-widget_type=\"text-editor.default\">\n\t\t\t\t<div class=\"elementor-widget-container\">\n\t\t\t\t\t\t\t\t\t<p>Der Inhaber der Website ist:<br \/><strong>I.A.C.E.R. S.r.l.<br \/>via Enzo Ferrari n. 2<br \/>30037 &#8211; Scorz\u00e8 (VE)<br \/>CF: 00185480274<\/strong><br \/>E-Mailadresse des Verantwortlichen: <strong>iacer@iacer.it<\/strong><\/p><p>Die Lizenz enth\u00e4lt kein Recht auf den Zugang zum Originalquellcode, auf seine Verwendung oder auf seine Offenbarung vor dem Benutzer. Die auf der Website verwendeten Techniken, Algorithmen und Verfahren und die dazugeh\u00f6rige Dokumentation sind exklusives Eigentum des Inhabers oder seines Lizenzgebers.<\/p>\t\t\t\t\t\t\t\t<\/div>\n\t\t\t\t<\/div>\n\t\t\t\t<div class=\"elementor-element elementor-element-eb77d86 syd-sticky-section-no elementor-widget elementor-widget-heading\" data-id=\"eb77d86\" data-element_type=\"widget\" data-widget_type=\"heading.default\">\n\t\t\t\t<div class=\"elementor-widget-container\">\n\t\t\t\t\t<h2 class=\"elementor-heading-title elementor-size-default\">4. BEDINGUNGEN F\u00dcR DIE NAVIGATION AUF DER WEBSITE <\/h2>\t\t\t\t<\/div>\n\t\t\t\t<\/div>\n\t\t\t\t<div class=\"elementor-element elementor-element-599ef4c syd-sticky-section-no elementor-widget elementor-widget-text-editor\" data-id=\"599ef4c\" data-element_type=\"widget\" data-widget_type=\"text-editor.default\">\n\t\t\t\t<div class=\"elementor-widget-container\">\n\t\t\t\t\t\t\t\t\t<p>Der Benutzer erkl\u00e4rt, die folgenden Anforderungen zu erf\u00fcllen:<\/p><ul><li>Der Benutzer ist vollj\u00e4hrig oder hat das vom anwendbaren Gesetz geforderte Mindestalter (14 Jahre). Minderj\u00e4hrigen unter 14 Jahren ist die Navigation untersagt.<\/li><li>Der Benutzer, der im Online-Shop einkauft, ist vollj\u00e4hrig.<\/li><li>Der Benutzer ist in keinem Land ans\u00e4ssig, das einem Embargo seitens der Vereinigten Staaten unterliegt oder das auf der von der Regierung der Vereinigten Staaten von Amerika mit den Staaten herausgegebenen Liste der Staaten, die den Terrorismus finanzieren, steht.<\/li><li>Der Benutzer steht auf keiner U.S.-amerikanischen Regierungsliste verbotener Auftragnehmer.<\/li><\/ul>\t\t\t\t\t\t\t\t<\/div>\n\t\t\t\t<\/div>\n\t\t\t\t<div class=\"elementor-element elementor-element-0dcd5c2 syd-sticky-section-no elementor-widget elementor-widget-heading\" data-id=\"0dcd5c2\" data-element_type=\"widget\" data-widget_type=\"heading.default\">\n\t\t\t\t<div class=\"elementor-widget-container\">\n\t\t\t\t\t<h2 class=\"elementor-heading-title elementor-size-default\">5. AKTUALISIERUNG DER WEBSITE.<br \/> \u00dcBEREINSTIMMUNG MIT DEN ANWENDBAREN RECHTSVORSCHRIFTEN<\/h2>\t\t\t\t<\/div>\n\t\t\t\t<\/div>\n\t\t\t\t<div class=\"elementor-element elementor-element-252178e syd-sticky-section-no elementor-widget elementor-widget-text-editor\" data-id=\"252178e\" data-element_type=\"widget\" data-widget_type=\"text-editor.default\">\n\t\t\t\t<div class=\"elementor-widget-container\">\n\t\t\t\t\t\t\t\t\t<p>Der Inhaber bringt die h\u00f6chste Sorgfalt daf\u00fcr auf, dass der auf dieser Website zur Verf\u00fcgung gestellte Inhalt keine anwendbaren Rechtsvorschriften und keine Rechte von Dritten verletzt. Allerdings kann er dieses Ergebnis nicht immer erreichen.<\/p><p>In solchen F\u00e4llen werden die Benutzer gebeten, unbeschadet dem Recht auf den Einsatz wirksamer Rechtsbehelfe und Forderungen, die entsprechenden Beanstandungen an die in diesem Dokument angegebenen Adressen zu senden.<\/p>\t\t\t\t\t\t\t\t<\/div>\n\t\t\t\t<\/div>\n\t\t\t\t<div class=\"elementor-element elementor-element-6a6bbe1 syd-sticky-section-no elementor-widget elementor-widget-heading\" data-id=\"6a6bbe1\" data-element_type=\"widget\" data-widget_type=\"heading.default\">\n\t\t\t\t<div class=\"elementor-widget-container\">\n\t\t\t\t\t<h2 class=\"elementor-heading-title elementor-size-default\">6. GEBRAUCH UND EINSCHR\u00c4NKUNGEN <\/h2>\t\t\t\t<\/div>\n\t\t\t\t<\/div>\n\t\t\t\t<div class=\"elementor-element elementor-element-b56ea09 syd-sticky-section-no elementor-widget elementor-widget-text-editor\" data-id=\"b56ea09\" data-element_type=\"widget\" data-widget_type=\"text-editor.default\">\n\t\t\t\t<div class=\"elementor-widget-container\">\n\t\t\t\t\t\t\t\t\t<p>Die Benutzer sind nicht berechtigt, die Inhalte auf eine Art und Weise, die nicht f\u00fcr die korrekte Nutzung des Dienstes notwendig oder damit impliziert sind, zu benutzen.<br \/>Den Benutzer ist es vor allem und ohne Ausschl\u00fcsse verboten, die auf dieser Website verf\u00fcgbaren Inhalte zu kopieren, herunterzuladen, \u00fcber die unten angegebenen Einschr\u00e4nkungen hinaus zu teilen, zu \u00e4ndern, zu \u00fcbersetzen, zu bearbeiten, zu ver\u00f6ffentlichen, zu senden, zu verkaufen, zu lizenzieren, zu ver\u00e4ndern und an Dritte weiterzugeben\/zu ver\u00e4u\u00dfern oder daraus abgeleitete Werke zu erstellen und Dritten zu erlauben, solche T\u00e4tigkeiten \u00fcber ihr Benutzerkonto oder ihr Ger\u00e4t, auch nicht in ihrer Unkenntnis, auszuf\u00fchren.<br \/>Wenn ausdr\u00fccklich angegeben, ist der Benutzer berechtigt, bestimmte auf der Navigationsseite zur Verf\u00fcgung gestellte Inhalte ausschlie\u00dflich f\u00fcr private und nicht gewerbliche Zwecke herunterzuladen, zu kopieren und\/oder zu teilen, unter der Voraussetzung, dass die Zuweisung der Urheberschaft f\u00fcr das Werk und die Angabe jedes sonstigen relevanten, vom Inhaber geforderten Umstands gemacht werden.<br \/>Au\u00dferdem gelten die von den Vorschriften \u00fcber das Urheberrecht vorgesehenen Beschr\u00e4nkungen und Ausschl\u00fcsse.<\/p>\t\t\t\t\t\t\t\t<\/div>\n\t\t\t\t<\/div>\n\t\t\t\t<div class=\"elementor-element elementor-element-0947cf3 syd-sticky-section-no elementor-widget elementor-widget-heading\" data-id=\"0947cf3\" data-element_type=\"widget\" data-widget_type=\"heading.default\">\n\t\t\t\t<div class=\"elementor-widget-container\">\n\t\t\t\t\t<h3 class=\"elementor-heading-title elementor-size-default\">6.1. Bestimmungsm\u00e4\u00dfiger Gebrauch der Website und des Online-Shops<\/h3>\t\t\t\t<\/div>\n\t\t\t\t<\/div>\n\t\t\t\t<div class=\"elementor-element elementor-element-0c91a2b syd-sticky-section-no elementor-widget elementor-widget-text-editor\" data-id=\"0c91a2b\" data-element_type=\"widget\" data-widget_type=\"text-editor.default\">\n\t\t\t\t<div class=\"elementor-widget-container\">\n\t\t\t\t\t\t\t\t\t<p>Die Website, der Dienst und der Online-Shop d\u00fcrfen nur f\u00fcr die Zwecke, f\u00fcr die sie angeboten werden, gem\u00e4\u00df diesen Gesch\u00e4ftsbedingungen und im Sinne des anwendbaren Gesetzes gebraucht werden.<br \/>Der Benutzer ist allein daf\u00fcr verantwortlich, dass der Gebrauch dieser Website und\/oder des Dienstes nicht gegen das Gesetz, die Vorschriften oder Rechte Dritter verst\u00f6\u00dft.<br \/>Deswegen beh\u00e4lt sich der Inhaber das Recht vor, jede angemessene Ma\u00dfnahme zu ergreifen, um seine berechtigten Interessen zu sch\u00fctzen, vor allem, dem Benutzer den Zugang zu dieser Website oder zu diesem Dienst zu verweigern, Vertr\u00e4ge aufzul\u00f6sen, den zust\u00e4ndigen Beh\u00f6rden &#8211; z. B. der Justizbeh\u00f6rde oder der Verwaltungsbeh\u00f6rde &#8211; jede zensierbare, \u00fcber diese App oder diesen Dienst unternommene T\u00e4tigkeit anzuzeigen, wenn der Benutzer tats\u00e4chlich oder vermutlich:<\/p><ul><li>das Gesetz, die Vorschriften und\/oder Gesch\u00e4ftsbedingungen verletzt;<\/li><li>die Rechte Dritter verletzt;<\/li><li>Taten unternimmt, welche den berechtigten Interessen des Inhabers betr\u00e4chtlich schaden;<\/li><li>den Inhaber oder Dritte angreift.<\/li><\/ul>\t\t\t\t\t\t\t\t<\/div>\n\t\t\t\t<\/div>\n\t\t\t\t<div class=\"elementor-element elementor-element-81219e5 syd-sticky-section-no elementor-widget elementor-widget-heading\" data-id=\"81219e5\" data-element_type=\"widget\" data-widget_type=\"heading.default\">\n\t\t\t\t<div class=\"elementor-widget-container\">\n\t\t\t\t\t<h3 class=\"elementor-heading-title elementor-size-default\">6.2. Unterbrechung des Dienstes<\/h3>\t\t\t\t<\/div>\n\t\t\t\t<\/div>\n\t\t\t\t<div class=\"elementor-element elementor-element-4a87349 syd-sticky-section-no elementor-widget elementor-widget-text-editor\" data-id=\"4a87349\" data-element_type=\"widget\" data-widget_type=\"text-editor.default\">\n\t\t\t\t<div class=\"elementor-widget-container\">\n\t\t\t\t\t\t\t\t\t<p>Um das bestm\u00f6gliche Leistungsniveau garantieren zu k\u00f6nnen, beh\u00e4lt sich der Inhaber das Recht vor, die Navigation auf der Website und\/oder durch den Dienst zu unterbrechen, um das System zu warten, zu aktualisieren oder jede andere \u00c4nderung vorzunehmen, \u00fcber die er die Benutzer in angemessener Weise in Kenntnis setzen wird.<br \/>Die Website und\/oder der Dienst k\u00f6nnen au\u00dferdem aus Gr\u00fcnden, die sich der vern\u00fcnftigerweise erwartbaren Kontrolle des Inhabers entziehen, wie h\u00f6here Gewalt (z. B. Streiks, St\u00f6rungen der Infrastruktur, Stromausfall usw.), nicht zur Verf\u00fcgung stehen.<\/p>\t\t\t\t\t\t\t\t<\/div>\n\t\t\t\t<\/div>\n\t\t\t\t<div class=\"elementor-element elementor-element-5e804af syd-sticky-section-no elementor-widget elementor-widget-heading\" data-id=\"5e804af\" data-element_type=\"widget\" data-widget_type=\"heading.default\">\n\t\t\t\t<div class=\"elementor-widget-container\">\n\t\t\t\t\t<h2 class=\"elementor-heading-title elementor-size-default\">7. DATENSCHUTZERKL\u00c4RUNG<\/h2>\t\t\t\t<\/div>\n\t\t\t\t<\/div>\n\t\t\t\t<div class=\"elementor-element elementor-element-a203af2 syd-sticky-section-no elementor-widget elementor-widget-text-editor\" data-id=\"a203af2\" data-element_type=\"widget\" data-widget_type=\"text-editor.default\">\n\t\t\t\t<div class=\"elementor-widget-container\">\n\t\t\t\t\t\t\t\t\t<p>Die Informationen \u00fcber die Verarbeitung der personenbezogenen Daten sind in der Datenschutzerkl\u00e4rung dieser App unter dem Link <a href=\"https:\/\/wepere.com\/de\/privacy-policy\/\">https:\/\/wepere.com\/de\/privacy-policy\/<\/a> zu finden.<br \/>Die Benutzer m\u00fcssen in die Datenschutzerkl\u00e4rung Einsicht nehmen und ihre Einwilligung zur Datenverarbeitung, wenn eine Einwilligung notwendig ist, geben, bevor sie die angebotenen Leistungen aktivieren.<\/p>\t\t\t\t\t\t\t\t<\/div>\n\t\t\t\t<\/div>\n\t\t\t\t<div class=\"elementor-element elementor-element-5148452 syd-sticky-section-no elementor-widget elementor-widget-heading\" data-id=\"5148452\" data-element_type=\"widget\" data-widget_type=\"heading.default\">\n\t\t\t\t<div class=\"elementor-widget-container\">\n\t\t\t\t\t<h2 class=\"elementor-heading-title elementor-size-default\">8. \u00c4NDERUNGEN DER GESCH\u00c4FTSBEDINGUNGEN<\/h2>\t\t\t\t<\/div>\n\t\t\t\t<\/div>\n\t\t\t\t<div class=\"elementor-element elementor-element-a08e315 syd-sticky-section-no elementor-widget elementor-widget-text-editor\" data-id=\"a08e315\" data-element_type=\"widget\" data-widget_type=\"text-editor.default\">\n\t\t\t\t<div class=\"elementor-widget-container\">\n\t\t\t\t\t\t\t\t\t<p>Der Inhaber beh\u00e4lt sich das Recht vor, die Gesch\u00e4ftsbedingungen jederzeit aus gerechtfertigten Gr\u00fcnden und wegen nachtr\u00e4glichen Anforderungen zu \u00e4ndern. In diesem Fall wird der Inhaber den Benutzern diese \u00c4nderungen sachgem\u00e4\u00df mitteilen. Die \u00c4nderungen werden sich erst sp\u00e4ter auf das Vertragsverh\u00e4ltnis mit dem Benutzer auswirken. Die fortlaufende Nutzung der Website und\/oder des Dienstes impliziert die Annahme der aktualisierten Gesch\u00e4ftsbedingungen vom Benutzer. Wenn der Benutzer die \u00c4nderungen nicht annehmen m\u00f6chte, muss er aufh\u00f6ren, den Dienst zu gebrauchen. Die Ablehnung der aktualisierten Gesch\u00e4ftsbedingungen berechtigt beide Vertragsparteien, vom Vertrag zur\u00fcckzutreten.<br \/>Die vorher geltende Version wird das Vertragsverh\u00e4ltnis bis zur Annahme der aktualisierten Version des Benutzers regeln. Diese Version kann vom Inhaber gefordert werden.<br \/>Wenn das geltende Recht es fordert, wird der Inhaber das Datum festlegen, zu dem die ge\u00e4nderten Gesch\u00e4ftsbedingungen in Kraft treten werden.<\/p>\t\t\t\t\t\t\t\t<\/div>\n\t\t\t\t<\/div>\n\t\t\t\t<div class=\"elementor-element elementor-element-ad9736f syd-sticky-section-no elementor-widget elementor-widget-heading\" data-id=\"ad9736f\" data-element_type=\"widget\" data-widget_type=\"heading.default\">\n\t\t\t\t<div class=\"elementor-widget-container\">\n\t\t\t\t\t<h2 class=\"elementor-heading-title elementor-size-default\">9. ABTRETUNG DER RECHTE AN DER WEBSITE<\/h2>\t\t\t\t<\/div>\n\t\t\t\t<\/div>\n\t\t\t\t<div class=\"elementor-element elementor-element-ade9a71 syd-sticky-section-no elementor-widget elementor-widget-text-editor\" data-id=\"ade9a71\" data-element_type=\"widget\" data-widget_type=\"text-editor.default\">\n\t\t\t\t<div class=\"elementor-widget-container\">\n\t\t\t\t\t\t\t\t\t<p>Der Inhaber beh\u00e4lt sich das Recht vor, unter Beachtung der berechtigten Interessen der Benutzer und Einhaltung des von diesem Vertrag vorgesehenen Schutzes ihrer Rechte einzelne oder alle Rechte und Verpflichtungen gem\u00e4\u00df dieser Gesch\u00e4ftsbedingungen zu \u00fcbertragen, abzutreten, dar\u00fcber zu verf\u00fcgen, zu erneuern oder in Auftrag zu geben.<\/p>\t\t\t\t\t\t\t\t<\/div>\n\t\t\t\t<\/div>\n\t\t\t\t<div class=\"elementor-element elementor-element-0fd92d4 syd-sticky-section-no elementor-widget elementor-widget-heading\" data-id=\"0fd92d4\" data-element_type=\"widget\" data-widget_type=\"heading.default\">\n\t\t\t\t<div class=\"elementor-widget-container\">\n\t\t\t\t\t<h2 class=\"elementor-heading-title elementor-size-default\">10. ANWENDBARES RECHT UND ZUST\u00c4NDIGER GERICHTSSTAND<\/h2>\t\t\t\t<\/div>\n\t\t\t\t<\/div>\n\t\t\t\t<div class=\"elementor-element elementor-element-9f241de syd-sticky-section-no elementor-widget elementor-widget-text-editor\" data-id=\"9f241de\" data-element_type=\"widget\" data-widget_type=\"text-editor.default\">\n\t\t\t\t<div class=\"elementor-widget-container\">\n\t\t\t\t\t\t\t\t\t<p>Diese Gesch\u00e4ftsbedingungen und alle Streitigkeiten \u00fcber ihre Ausf\u00fchrung, Auslegung und Wirksamkeit unterliegen dem italienischen Recht und der exklusiven Zust\u00e4ndigkeit des Gerichts am Ort, in dem der Inhaber seinen Firmensitz hat.<br \/>Wenn der Benutzer ein Verbraucher im Sinne des Art. 3 des Verbraucherschutzgesetzes ist, liegt die unabdingbare Bezirkszust\u00e4ndigkeit beim Richter beim Wohnsitz oder Domizilort des Verbrauchers, wenn er sich innerhalb des italienischen Staatsgebiet befindet, unbeschadet des Rechts f\u00fcr den Verbraucher, seine Klage anstatt beim \u201eVerbrauchergerichtsstand\u201c gem\u00e4\u00df Art. 66 bis des Verbraucherschutzgesetzes nach einem der Kriterien gem\u00e4\u00df der Artikel 18, 19 und 20 des Zivilprozessrechts bei einem anderen, f\u00fcr den Bezirk zust\u00e4ndigen Richter einzureichen.<\/p>\t\t\t\t\t\t\t\t<\/div>\n\t\t\t\t<\/div>\n\t\t\t\t<div class=\"elementor-element elementor-element-856de65 syd-sticky-section-no elementor-widget elementor-widget-text-editor\" data-id=\"856de65\" data-element_type=\"widget\" data-widget_type=\"text-editor.default\">\n\t\t\t\t<div class=\"elementor-widget-container\">\n\t\t\t\t\t\t\t\t\t<p>Letzte Aktualisierung: 16. Dezember 2025<\/p>\t\t\t\t\t\t\t\t<\/div>\n\t\t\t\t<\/div>\n\t\t\t\t\t<\/div>\n\t\t<\/div>\n\t\t\t\t\t<\/div>\n\t\t<\/section>\n\t\t\t\t<\/div>\n\t\t","protected":false},"excerpt":{"rendered":"<p>Allgemeine Gesch\u00e4ftsbedingungen der WEBSITE 1. EINLEITUNG In diesem Dokument sind die Gesch\u00e4fts- und Nutzungsbedingungen der Website https:\/\/wepere.com\/ (nachfolgend Website) festgelegt. Mit dem [&hellip;]<\/p>\n","protected":false},"author":1,"featured_media":0,"parent":0,"menu_order":102,"comment_status":"closed","ping_status":"closed","template":"","meta":{"_acf_changed":false,"_joinchat":[],"footnotes":""},"class_list":["post-36575","page","type-page","status-publish","hentry"],"acf":[],"_links":{"self":[{"href":"https:\/\/wepere.com\/de\/wp-json\/wp\/v2\/pages\/36575","targetHints":{"allow":["GET"]}}],"collection":[{"href":"https:\/\/wepere.com\/de\/wp-json\/wp\/v2\/pages"}],"about":[{"href":"https:\/\/wepere.com\/de\/wp-json\/wp\/v2\/types\/page"}],"author":[{"embeddable":true,"href":"https:\/\/wepere.com\/de\/wp-json\/wp\/v2\/users\/1"}],"replies":[{"embeddable":true,"href":"https:\/\/wepere.com\/de\/wp-json\/wp\/v2\/comments?post=36575"}],"version-history":[{"count":6,"href":"https:\/\/wepere.com\/de\/wp-json\/wp\/v2\/pages\/36575\/revisions"}],"predecessor-version":[{"id":76791,"href":"https:\/\/wepere.com\/de\/wp-json\/wp\/v2\/pages\/36575\/revisions\/76791"}],"wp:attachment":[{"href":"https:\/\/wepere.com\/de\/wp-json\/wp\/v2\/media?parent=36575"}],"curies":[{"name":"wp","href":"https:\/\/api.w.org\/{rel}","templated":true}]}}