{"id":36595,"date":"2022-11-11T15:15:26","date_gmt":"2022-11-11T14:15:26","guid":{"rendered":"https:\/\/wepere.com\/?page_id=36595"},"modified":"2023-06-08T16:25:37","modified_gmt":"2023-06-08T14:25:37","slug":"datenschutz-und-einwilligungserklaerung-fuer-newsletter","status":"publish","type":"page","link":"https:\/\/wepere.com\/de\/datenschutz-und-einwilligungserklaerung-fuer-newsletter\/","title":{"rendered":"Datenschutz- und Einwilligungserkl\u00e4rung f\u00fcr Newsletter"},"content":{"rendered":"\t\t<div data-elementor-type=\"wp-page\" data-elementor-id=\"36595\" class=\"elementor elementor-36595 elementor-36081\" data-elementor-post-type=\"page\">\n\t\t\t\t\t\t<section class=\"elementor-section elementor-top-section elementor-element elementor-element-5d24d6f elementor-section-boxed elementor-section-height-default elementor-section-height-default syd-sticky-section-no\" data-id=\"5d24d6f\" data-element_type=\"section\">\n\t\t\t\t\t\t<div class=\"elementor-container elementor-column-gap-default\">\n\t\t\t\t\t<div class=\"elementor-column elementor-col-100 elementor-top-column elementor-element elementor-element-c3dac04 syd-sticky-section-no\" data-id=\"c3dac04\" data-element_type=\"column\" id=\"policy-container\">\n\t\t\t<div class=\"elementor-widget-wrap elementor-element-populated\">\n\t\t\t\t\t\t<div class=\"elementor-element elementor-element-10390cf syd-sticky-section-no elementor-widget elementor-widget-heading\" data-id=\"10390cf\" data-element_type=\"widget\" data-widget_type=\"heading.default\">\n\t\t\t\t<div class=\"elementor-widget-container\">\n\t\t\t\t\t<h1 class=\"elementor-heading-title elementor-size-default\">Datenschutz- und Einwilligungserkl\u00e4rung f\u00fcr Newsletter<\/h1>\t\t\t\t<\/div>\n\t\t\t\t<\/div>\n\t\t\t\t<div class=\"elementor-element elementor-element-aa95bb2 syd-sticky-section-no elementor-widget elementor-widget-text-editor\" data-id=\"aa95bb2\" data-element_type=\"widget\" data-widget_type=\"text-editor.default\">\n\t\t\t\t<div class=\"elementor-widget-container\">\n\t\t\t\t\t\t\t\t\t<p><strong>im Sinne des Art. 13, ABS. 1, VERORDUNG (EU) 679\/2016 zum Schutz personenbezogener Daten (DSGVO)<\/strong><\/p>\t\t\t\t\t\t\t\t<\/div>\n\t\t\t\t<\/div>\n\t\t\t\t<div class=\"elementor-element elementor-element-0d93a15 syd-sticky-section-no elementor-widget elementor-widget-text-editor\" data-id=\"0d93a15\" data-element_type=\"widget\" data-widget_type=\"text-editor.default\">\n\t\t\t\t<div class=\"elementor-widget-container\">\n\t\t\t\t\t\t\t\t\t<p>IACER S.r.l. informiert Sie, als betroffene Person, unter Einhaltung der Vorschriften gem\u00e4\u00df Art.13, Abs. 1 der Verordnung (EU) 679\/2016 (im Folgenden DSGVO) \u00fcber die Zwecke der Erfassung Ihrer personenbezogenen Daten und \u00fcber die Methoden, mit denen die direkt von Ihnen f\u00fcr die Anmeldung und die Nutzung des Newsletter-Dienstes eingeholten personenbezogenen Daten verarbeitet werden.<\/p><p>Die von Ihnen bereitgestellten und von uns erfassten personenbezogenen Daten werden gem\u00e4\u00df den Vorschriften der vorher genannten Verordnung verarbeitet.<\/p><p>Im Einzelnen wird dazu Folgendes spezifiziert:<\/p>\t\t\t\t\t\t\t\t<\/div>\n\t\t\t\t<\/div>\n\t\t\t\t<div class=\"elementor-element elementor-element-dfc4340 syd-sticky-section-no elementor-widget elementor-widget-heading\" data-id=\"dfc4340\" data-element_type=\"widget\" data-widget_type=\"heading.default\">\n\t\t\t\t<div class=\"elementor-widget-container\">\n\t\t\t\t\t<h2 class=\"elementor-heading-title elementor-size-default\">a) Verantwortlicher der Datenverarbeitung<\/h2>\t\t\t\t<\/div>\n\t\t\t\t<\/div>\n\t\t\t\t<div class=\"elementor-element elementor-element-c04a937 syd-sticky-section-no elementor-widget elementor-widget-text-editor\" data-id=\"c04a937\" data-element_type=\"widget\" data-widget_type=\"text-editor.default\">\n\t\t\t\t<div class=\"elementor-widget-container\">\n\t\t\t\t\t\t\t\t\t<p>Der Verantwortliche ist <br \/><strong>IACER S.r.l.<\/strong> mit Gesch\u00e4ftssitz in <br \/>Via Enzo Ferrari n. 2<br \/>30037 Scorz\u00e8 (VE)<br \/>St.Nr.\/USt.Nr. 00185480274<br \/>REA: VE 120250 <br \/>der \u00fcber die E-Mail <a href=\"mailto:iacer@iacer.it\">iacer@iacer.it<\/a> kontaktiert werden kann.<\/p>\t\t\t\t\t\t\t\t<\/div>\n\t\t\t\t<\/div>\n\t\t\t\t<div class=\"elementor-element elementor-element-3337e37 syd-sticky-section-no elementor-widget elementor-widget-heading\" data-id=\"3337e37\" data-element_type=\"widget\" data-widget_type=\"heading.default\">\n\t\t\t\t<div class=\"elementor-widget-container\">\n\t\t\t\t\t<h2 class=\"elementor-heading-title elementor-size-default\">b) Identit\u00e4t- und Kontaktdatenschutzbeauftragter <\/h2>\t\t\t\t<\/div>\n\t\t\t\t<\/div>\n\t\t\t\t<div class=\"elementor-element elementor-element-2ea6312 syd-sticky-section-no elementor-widget elementor-widget-text-editor\" data-id=\"2ea6312\" data-element_type=\"widget\" data-widget_type=\"text-editor.default\">\n\t\t\t\t<div class=\"elementor-widget-container\">\n\t\t\t\t\t\t\t\t\t<p>Es wird darauf hingewiesen, dass der Verantwortliche der Vorbereitung hat gem\u00e4\u00df Art. 37 des Gdprs Rechtsanwalt Maria Antonietta Sacheli, die \u00fcber folgende Kan\u00e4le erreichbar ist E-Mail-: <a href=\"mailto:mariaantonietta@fiscleg.it\">mariaantonietta@fiscleg.it<\/a> Tel.: 049 8771611, zum Datenschutzbeauftragten ernennt.<\/p>\t\t\t\t\t\t\t\t<\/div>\n\t\t\t\t<\/div>\n\t\t\t\t<div class=\"elementor-element elementor-element-39aaf7d syd-sticky-section-no elementor-widget elementor-widget-heading\" data-id=\"39aaf7d\" data-element_type=\"widget\" data-widget_type=\"heading.default\">\n\t\t\t\t<div class=\"elementor-widget-container\">\n\t\t\t\t\t<h2 class=\"elementor-heading-title elementor-size-default\">c) Zweck der Verarbeitung und rechtliche Grundlage der Verarbeitung <\/h2>\t\t\t\t<\/div>\n\t\t\t\t<\/div>\n\t\t\t\t<div class=\"elementor-element elementor-element-166b10c syd-sticky-section-no elementor-widget elementor-widget-text-editor\" data-id=\"166b10c\" data-element_type=\"widget\" data-widget_type=\"text-editor.default\">\n\t\t\t\t<div class=\"elementor-widget-container\">\n\t\t\t\t\t\t\t\t\t<ul><li>Die Daten werden, nach der Ausf\u00fcllung des spezifischen Anmeldeformulars\u00b8 mit manuellen, IT- und telematischen Instrumenten f\u00fcr die Zusendung des informativen Newsletters mit Werbemitteilungen und Anzeigen von den angebotenen Produkten und Leistungen und der eventuellen Zusendung vom weiteren Leistungs- und Produktangeboten verarbeitet.<\/li><li>Allgemeines Profiling: Die mit der Ausf\u00fcllung unserer Formate, w\u00e4hrend der Verwendung der App im Gastmodus gesammelten oder aus der Typologie Ihrer Eink\u00e4ufe gewonnenen Daten k\u00f6nnen auch zur Ermittlung und Bestimmung Ihrer Geschm\u00e4cker, Pr\u00e4ferenzen, Gewohnheiten, Bed\u00fcrfnissen und Konsumentscheidungen verwendet werden.<\/li><\/ul><p>Die Bereitstellung der Daten und damit die Einwilligung in Ihre Erfassung und Verarbeitung sind freiwillig. Der Benutzer kann die Einwilligung verweigern oder zu jedem Zeitpunkt seine bereits gegebene Einwilligung widerrufen.<\/p>\t\t\t\t\t\t\t\t<\/div>\n\t\t\t\t<\/div>\n\t\t\t\t<div class=\"elementor-element elementor-element-2d4dd18 syd-sticky-section-no elementor-widget elementor-widget-heading\" data-id=\"2d4dd18\" data-element_type=\"widget\" data-widget_type=\"heading.default\">\n\t\t\t\t<div class=\"elementor-widget-container\">\n\t\t\t\t\t<h2 class=\"elementor-heading-title elementor-size-default\">d) Verarbeitungsmodalit\u00e4t<\/h2>\t\t\t\t<\/div>\n\t\t\t\t<\/div>\n\t\t\t\t<div class=\"elementor-element elementor-element-1ab1266 syd-sticky-section-no elementor-widget elementor-widget-text-editor\" data-id=\"1ab1266\" data-element_type=\"widget\" data-widget_type=\"text-editor.default\">\n\t\t\t\t<div class=\"elementor-widget-container\">\n\t\t\t\t\t\t\t\t\t<p>Die Daten, die Ihre Personen betreffen, werden nach den Leits\u00e4tzen der Rechtm\u00e4\u00dfigkeit, Verarbeitung nach Treu und Glauben, Transparenz und dem Schutz Ihrer Privatsph\u00e4re und Ihrer Rechte verarbeitet.<\/p><p>Der Newsletter wird \u00fcber <strong><u>die Plattform MailChimp (MailChimp ist eine Online-Marketingplattform, die von The Rocket Science Group LLC, einem Unternehmen mit Sitz im Bundesstaat Georgia, Vereinigte Staaten, betrieben wird<\/u><\/strong>) versendet. Die Datenschutzerkl\u00e4rung f\u00fcr diese Plattform k\u00f6nnen Sie auf der Website <a href=\"https:\/\/mailchimp.com\/legal\/privacy\/\">https:\/\/mailchimp.com\/legal\/privacy\/<\/a> lesen.<\/p><p>MailChimp ist der externe Verantwortliche der Datenverarbeitung.<\/p>\t\t\t\t\t\t\t\t<\/div>\n\t\t\t\t<\/div>\n\t\t\t\t<div class=\"elementor-element elementor-element-1652622 syd-sticky-section-no elementor-widget elementor-widget-heading\" data-id=\"1652622\" data-element_type=\"widget\" data-widget_type=\"heading.default\">\n\t\t\t\t<div class=\"elementor-widget-container\">\n\t\t\t\t\t<h2 class=\"elementor-heading-title elementor-size-default\">e) \u00dcbermittlung an Dritte und ins Ausland.<\/h2>\t\t\t\t<\/div>\n\t\t\t\t<\/div>\n\t\t\t\t<div class=\"elementor-element elementor-element-7d3ee7a syd-sticky-section-no elementor-widget elementor-widget-text-editor\" data-id=\"7d3ee7a\" data-element_type=\"widget\" data-widget_type=\"text-editor.default\">\n\t\t\t\t<div class=\"elementor-widget-container\">\n\t\t\t\t\t\t\t\t\t<p>Alle gesammelten und verarbeiteten Daten k\u00f6nnen innerhalb des EU-Bereichs und an Dritte \u00fcbermittelt werden, wenn es f\u00fcr die Verarbeitungszwecke notwendig ist.<\/p><p>Wenn die Datenempf\u00e4nger f\u00fcr unser Unternehmen die Daten verarbeiten m\u00fcssen, werden sie vorher mit einem spezifischen Vertrag oder einer anderen Rechtsurkunde zu Auftragsverarbeitern benannt.<\/p><p>Die aktualisierte Liste der Auftragsverarbeiter steht im Gesch\u00e4ftssitz von IACER S.r.l. zur Einsicht zur Verf\u00fcgung. Sie k\u00f6nnen den Verantwortlichen bei Kl\u00e4rungsbedarf oder Problemen hinsichtlich Ihrer Privatsph\u00e4re jederzeit kontaktieren.<\/p>\t\t\t\t\t\t\t\t<\/div>\n\t\t\t\t<\/div>\n\t\t\t\t<div class=\"elementor-element elementor-element-a2709ee syd-sticky-section-no elementor-widget elementor-widget-heading\" data-id=\"a2709ee\" data-element_type=\"widget\" data-widget_type=\"heading.default\">\n\t\t\t\t<div class=\"elementor-widget-container\">\n\t\t\t\t\t<h2 class=\"elementor-heading-title elementor-size-default\">f) Aufbewahrungsdauer <\/h2>\t\t\t\t<\/div>\n\t\t\t\t<\/div>\n\t\t\t\t<div class=\"elementor-element elementor-element-72ddd36 syd-sticky-section-no elementor-widget elementor-widget-text-editor\" data-id=\"72ddd36\" data-element_type=\"widget\" data-widget_type=\"text-editor.default\">\n\t\t\t\t<div class=\"elementor-widget-container\">\n\t\t\t\t\t\t\t\t\t<p>Die gesammelten Daten werden f\u00fcr die zur Ausf\u00fchrung der unter Punkt c) angegebenen Zwecke notwendigen Zeit und bis zum Widerruf der Einwilligung in die Datenverarbeitung aufbewahrt.<\/p>\t\t\t\t\t\t\t\t<\/div>\n\t\t\t\t<\/div>\n\t\t\t\t<div class=\"elementor-element elementor-element-ce46c21 syd-sticky-section-no elementor-widget elementor-widget-heading\" data-id=\"ce46c21\" data-element_type=\"widget\" data-widget_type=\"heading.default\">\n\t\t\t\t<div class=\"elementor-widget-container\">\n\t\t\t\t\t<h2 class=\"elementor-heading-title elementor-size-default\">g) Widerruf der Einwilligung<\/h2>\t\t\t\t<\/div>\n\t\t\t\t<\/div>\n\t\t\t\t<div class=\"elementor-element elementor-element-d09c8dc syd-sticky-section-no elementor-widget elementor-widget-text-editor\" data-id=\"d09c8dc\" data-element_type=\"widget\" data-widget_type=\"text-editor.default\">\n\t\t\t\t<div class=\"elementor-widget-container\">\n\t\t\t\t\t\t\t\t\t<p>Jeder Betroffene hat das Recht seine Einwilligung zu jedem Zeitpunkt, unbeschadet der Rechtm\u00e4\u00dfigkeit der auf die vor dem Widerruf gegebenen Einwilligung begr\u00fcndeten Verarbeitung, zu widerrufen.<\/p>\t\t\t\t\t\t\t\t<\/div>\n\t\t\t\t<\/div>\n\t\t\t\t<div class=\"elementor-element elementor-element-a53bd68 syd-sticky-section-no elementor-widget elementor-widget-heading\" data-id=\"a53bd68\" data-element_type=\"widget\" data-widget_type=\"heading.default\">\n\t\t\t\t<div class=\"elementor-widget-container\">\n\t\t\t\t\t<h2 class=\"elementor-heading-title elementor-size-default\">h) Rechte des Betroffenen<\/h2>\t\t\t\t<\/div>\n\t\t\t\t<\/div>\n\t\t\t\t<div class=\"elementor-element elementor-element-54e9f61 syd-sticky-section-no elementor-widget elementor-widget-text-editor\" data-id=\"54e9f61\" data-element_type=\"widget\" data-widget_type=\"text-editor.default\">\n\t\t\t\t<div class=\"elementor-widget-container\">\n\t\t\t\t\t\t\t\t\t<p>Wir informieren Sie, dass Sie als betroffene Person hinsichtlich der verarbeiteten Daten, die Ihre Person betreffen, die von der DSGVO vorgesehenen Rechte aus\u00fcben k\u00f6nnen. Sie haben das:<\/p><ul><li>Recht auf Auskunft \u00fcber die Daten, die gesammelt und verarbeitet werden (Art. 15);<\/li><li>Recht auf Berichtigung der Daten (Art. 16);<\/li><li>Recht auf L\u00f6schung der Daten und das Recht auf Vergessenwerden (Art. 17);<\/li><li>Recht auf Einschr\u00e4nkung der Verarbeitung (Art. 18);<\/li><li>Recht auf\u00a0 \u00dcbertragbarkeit der Daten f\u00fcr die \u00dcbermittlung an einen anderen Verantwortlichen (Art. 20);<\/li><li>Widerspruchsrecht (Art. 21);<\/li><li>Recht auf Beschwerde bei einer Aufsichtsbeh\u00f6rde (Art. 77);<\/li><li>Recht auf einen wirksamen gerichtlichen Rechtsbehelf gegen eine Aufsichtsbeh\u00f6rde (Art. 78) und gegen Verantwortliche und Auftragsbearbeiter (Art. 79).<\/li><\/ul>\t\t\t\t\t\t\t\t<\/div>\n\t\t\t\t<\/div>\n\t\t\t\t\t<\/div>\n\t\t<\/div>\n\t\t\t\t\t<\/div>\n\t\t<\/section>\n\t\t\t\t<\/div>\n\t\t","protected":false},"excerpt":{"rendered":"<p>Datenschutz- und Einwilligungserkl\u00e4rung f\u00fcr Newsletter im Sinne des Art. 13, ABS. 1, VERORDUNG (EU) 679\/2016 zum Schutz personenbezogener Daten (DSGVO) IACER S.r.l. [&hellip;]<\/p>\n","protected":false},"author":1,"featured_media":0,"parent":0,"menu_order":103,"comment_status":"closed","ping_status":"closed","template":"","meta":{"_acf_changed":false,"_joinchat":[],"footnotes":""},"class_list":["post-36595","page","type-page","status-publish","hentry"],"acf":[],"_links":{"self":[{"href":"https:\/\/wepere.com\/de\/wp-json\/wp\/v2\/pages\/36595","targetHints":{"allow":["GET"]}}],"collection":[{"href":"https:\/\/wepere.com\/de\/wp-json\/wp\/v2\/pages"}],"about":[{"href":"https:\/\/wepere.com\/de\/wp-json\/wp\/v2\/types\/page"}],"author":[{"embeddable":true,"href":"https:\/\/wepere.com\/de\/wp-json\/wp\/v2\/users\/1"}],"replies":[{"embeddable":true,"href":"https:\/\/wepere.com\/de\/wp-json\/wp\/v2\/comments?post=36595"}],"version-history":[{"count":3,"href":"https:\/\/wepere.com\/de\/wp-json\/wp\/v2\/pages\/36595\/revisions"}],"predecessor-version":[{"id":38539,"href":"https:\/\/wepere.com\/de\/wp-json\/wp\/v2\/pages\/36595\/revisions\/38539"}],"wp:attachment":[{"href":"https:\/\/wepere.com\/de\/wp-json\/wp\/v2\/media?parent=36595"}],"curies":[{"name":"wp","href":"https:\/\/api.w.org\/{rel}","templated":true}]}}