{"id":13877,"date":"2022-09-30T14:43:24","date_gmt":"2022-09-30T12:43:24","guid":{"rendered":"https:\/\/wepere.com\/?post_type=product&#038;p=13877"},"modified":"2024-09-09T10:50:19","modified_gmt":"2024-09-09T08:50:19","slug":"arya","status":"publish","type":"product","link":"https:\/\/wepere.com\/de\/produkt\/arya\/","title":{"rendered":"Arya"},"content":{"rendered":"","protected":false},"excerpt":{"rendered":"<p>Arya ist der Druck, der gut f\u00fcr den Sport ist.<br \/>\nDie L\u00f6sung Made in Italy zur Unterst\u00fctzung der Muskelerholung und des Milchs\u00e4ureabbaus nach dem Training oder Wettkampf.<br \/>\nHilft, die Durchblutung zu verbessern und \u00fcbersch\u00fcssige Fl\u00fcssigkeit abzuleiten.<\/p>\n<p><span style=\"color: #ffcb08;\"><strong>GR\u00d6\u1e9eENTABELLE<\/strong><\/span><br \/>\n<strong>GR\u00d6\u1e9eE M:<\/strong> L\u00e4nge (Oberschenkel &#8211; Ferse) 82 cm &#8211; Oberschenkelumfang bis zu 64 cm<br \/>\n<strong>GR\u00d6\u1e9eE L:<\/strong> L\u00e4nge (Oberschenkel &#8211; Ferse) 100 cm &#8211; Oberschenkelumfang bis zu 70 cm<\/p>\n","protected":false},"featured_media":2179,"comment_status":"open","ping_status":"closed","template":"","meta":{"_acf_changed":false,"_joinchat":{"view":"no"}},"product_brand":[],"product_cat":[83],"product_tag":[],"class_list":{"0":"post-13877","1":"product","2":"type-product","3":"status-publish","4":"has-post-thumbnail","6":"product_cat-pressotherapie","8":"first","9":"instock","10":"shipping-taxable","11":"purchasable","12":"product-type-variable"},"acf":[],"_links":{"self":[{"href":"https:\/\/wepere.com\/de\/wp-json\/wp\/v2\/product\/13877","targetHints":{"allow":["GET"]}}],"collection":[{"href":"https:\/\/wepere.com\/de\/wp-json\/wp\/v2\/product"}],"about":[{"href":"https:\/\/wepere.com\/de\/wp-json\/wp\/v2\/types\/product"}],"replies":[{"embeddable":true,"href":"https:\/\/wepere.com\/de\/wp-json\/wp\/v2\/comments?post=13877"}],"version-history":[{"count":2,"href":"https:\/\/wepere.com\/de\/wp-json\/wp\/v2\/product\/13877\/revisions"}],"predecessor-version":[{"id":60893,"href":"https:\/\/wepere.com\/de\/wp-json\/wp\/v2\/product\/13877\/revisions\/60893"}],"wp:featuredmedia":[{"embeddable":true,"href":"https:\/\/wepere.com\/de\/wp-json\/wp\/v2\/media\/2179"}],"wp:attachment":[{"href":"https:\/\/wepere.com\/de\/wp-json\/wp\/v2\/media?parent=13877"}],"wp:term":[{"taxonomy":"product_brand","embeddable":true,"href":"https:\/\/wepere.com\/de\/wp-json\/wp\/v2\/product_brand?post=13877"},{"taxonomy":"product_cat","embeddable":true,"href":"https:\/\/wepere.com\/de\/wp-json\/wp\/v2\/product_cat?post=13877"},{"taxonomy":"product_tag","embeddable":true,"href":"https:\/\/wepere.com\/de\/wp-json\/wp\/v2\/product_tag?post=13877"}],"curies":[{"name":"wp","href":"https:\/\/api.w.org\/{rel}","templated":true}]}}