{"id":36997,"date":"2023-02-02T15:25:33","date_gmt":"2023-02-02T14:25:33","guid":{"rendered":"https:\/\/wepere.com\/?post_type=product&#038;p=36997"},"modified":"2022-12-29T16:18:25","modified_gmt":"2022-12-29T15:18:25","slug":"epicondylitis-bandage","status":"publish","type":"product","link":"https:\/\/wepere.com\/de\/produkt\/epicondylitis-bandage\/","title":{"rendered":"Epicondylitis-bandage"},"content":{"rendered":"","protected":false},"excerpt":{"rendered":"<p>Leichte und bequeme Bandage sorgt f\u00fcr die notwendige Stabilisierung des Gelenks in der aktiven Phase.<br \/>\nDas Druckpolster aus Schaumstoff erm\u00f6glicht eine st\u00e4rkere Kompression der Armstrec Streckmuskeln des Arms, um die Spannung zu verringern, die diese auf den Epicondylus aus\u00fcben.<\/p>\n<p>Ideal zur Vorbeugung und Behandlung von Tennisarm.<\/p>\n","protected":false},"featured_media":36984,"comment_status":"open","ping_status":"closed","template":"","meta":{"_acf_changed":false,"_joinchat":[]},"product_brand":[],"product_cat":[128],"product_tag":[],"class_list":{"0":"post-36997","1":"product","2":"type-product","3":"status-publish","4":"has-post-thumbnail","6":"product_cat-bandagen","8":"first","9":"instock","10":"shipping-taxable","11":"purchasable","12":"product-type-simple"},"acf":[],"_links":{"self":[{"href":"https:\/\/wepere.com\/de\/wp-json\/wp\/v2\/product\/36997","targetHints":{"allow":["GET"]}}],"collection":[{"href":"https:\/\/wepere.com\/de\/wp-json\/wp\/v2\/product"}],"about":[{"href":"https:\/\/wepere.com\/de\/wp-json\/wp\/v2\/types\/product"}],"replies":[{"embeddable":true,"href":"https:\/\/wepere.com\/de\/wp-json\/wp\/v2\/comments?post=36997"}],"version-history":[{"count":2,"href":"https:\/\/wepere.com\/de\/wp-json\/wp\/v2\/product\/36997\/revisions"}],"predecessor-version":[{"id":37003,"href":"https:\/\/wepere.com\/de\/wp-json\/wp\/v2\/product\/36997\/revisions\/37003"}],"wp:featuredmedia":[{"embeddable":true,"href":"https:\/\/wepere.com\/de\/wp-json\/wp\/v2\/media\/36984"}],"wp:attachment":[{"href":"https:\/\/wepere.com\/de\/wp-json\/wp\/v2\/media?parent=36997"}],"wp:term":[{"taxonomy":"product_brand","embeddable":true,"href":"https:\/\/wepere.com\/de\/wp-json\/wp\/v2\/product_brand?post=36997"},{"taxonomy":"product_cat","embeddable":true,"href":"https:\/\/wepere.com\/de\/wp-json\/wp\/v2\/product_cat?post=36997"},{"taxonomy":"product_tag","embeddable":true,"href":"https:\/\/wepere.com\/de\/wp-json\/wp\/v2\/product_tag?post=36997"}],"curies":[{"name":"wp","href":"https:\/\/api.w.org\/{rel}","templated":true}]}}