{"id":37007,"date":"2023-02-02T15:33:27","date_gmt":"2023-02-02T14:33:27","guid":{"rendered":"https:\/\/wepere.com\/?post_type=product&#038;p=37007"},"modified":"2022-12-29T16:21:24","modified_gmt":"2022-12-29T15:21:24","slug":"handgelenkorthese","status":"publish","type":"product","link":"https:\/\/wepere.com\/de\/produkt\/handgelenkorthese\/","title":{"rendered":"Handgelenkorthese"},"content":{"rendered":"","protected":false},"excerpt":{"rendered":"<p>Leichte und angenehme Stabilisierung. Die Struktur aus Spacer-Gewebe und der Klettverschluss machen diese Orthese zur einfachsten und schnellsten L\u00f6sung zur Behandlung von Verletzungen des Handgelenks. Einfach anzulegen und zu tragen, sorgt sie f\u00fcr die n\u00f6tige Ruhestellung und schenkt Wohlbefinden und Entlastung bei den t\u00e4glichen Arbeiten.<\/p>\n<p>Ideal zur Vorbeugung und Behandlung von Verstauchungen des Handgelenks.<\/p>\n","protected":false},"featured_media":35927,"comment_status":"open","ping_status":"closed","template":"","meta":{"_acf_changed":false,"_joinchat":[]},"product_brand":[],"product_cat":[128],"product_tag":[],"class_list":{"0":"post-37007","1":"product","2":"type-product","3":"status-publish","4":"has-post-thumbnail","6":"product_cat-bandagen","8":"first","9":"instock","10":"shipping-taxable","11":"purchasable","12":"product-type-simple"},"acf":[],"_links":{"self":[{"href":"https:\/\/wepere.com\/de\/wp-json\/wp\/v2\/product\/37007","targetHints":{"allow":["GET"]}}],"collection":[{"href":"https:\/\/wepere.com\/de\/wp-json\/wp\/v2\/product"}],"about":[{"href":"https:\/\/wepere.com\/de\/wp-json\/wp\/v2\/types\/product"}],"replies":[{"embeddable":true,"href":"https:\/\/wepere.com\/de\/wp-json\/wp\/v2\/comments?post=37007"}],"version-history":[{"count":2,"href":"https:\/\/wepere.com\/de\/wp-json\/wp\/v2\/product\/37007\/revisions"}],"predecessor-version":[{"id":37026,"href":"https:\/\/wepere.com\/de\/wp-json\/wp\/v2\/product\/37007\/revisions\/37026"}],"wp:featuredmedia":[{"embeddable":true,"href":"https:\/\/wepere.com\/de\/wp-json\/wp\/v2\/media\/35927"}],"wp:attachment":[{"href":"https:\/\/wepere.com\/de\/wp-json\/wp\/v2\/media?parent=37007"}],"wp:term":[{"taxonomy":"product_brand","embeddable":true,"href":"https:\/\/wepere.com\/de\/wp-json\/wp\/v2\/product_brand?post=37007"},{"taxonomy":"product_cat","embeddable":true,"href":"https:\/\/wepere.com\/de\/wp-json\/wp\/v2\/product_cat?post=37007"},{"taxonomy":"product_tag","embeddable":true,"href":"https:\/\/wepere.com\/de\/wp-json\/wp\/v2\/product_tag?post=37007"}],"curies":[{"name":"wp","href":"https:\/\/api.w.org\/{rel}","templated":true}]}}