{"id":37008,"date":"2022-10-25T15:06:03","date_gmt":"2022-10-25T13:06:03","guid":{"rendered":"https:\/\/wepere.com\/?post_type=product&#038;p=37008"},"modified":"2022-12-29T16:22:12","modified_gmt":"2022-12-29T15:22:12","slug":"lumbalkorsett","status":"publish","type":"product","link":"https:\/\/wepere.com\/de\/produkt\/lumbalkorsett\/","title":{"rendered":"Lumbalkorsett"},"content":{"rendered":"","protected":false},"excerpt":{"rendered":"<p>Die Struktur aus elastischem, atmungsaktivem, kalibriertem Gewebe macht es n\u00fctzlich zur Kontrolle kleinerer Probleme im Lendenbereich. Einfach anzulegen, mit hervorragender Passform sorgt es f\u00fcr die richtige St\u00e4rkung des R\u00fcckens und schenkt Wohlbefinden und Entlastung bei den t\u00e4glichen Arbeiten.<\/p>\n<p>Ideal zur Vorbeugung oder Behandlung von Lumbalgien, Lumboischialgien und Verletzungen der Wirbels\u00e4ule.<\/p>\n","protected":false},"featured_media":35924,"comment_status":"open","ping_status":"closed","template":"","meta":{"_acf_changed":false,"_joinchat":[]},"product_brand":[],"product_cat":[128],"product_tag":[],"class_list":{"0":"post-37008","1":"product","2":"type-product","3":"status-publish","4":"has-post-thumbnail","6":"product_cat-bandagen","8":"first","9":"instock","10":"shipping-taxable","11":"purchasable","12":"product-type-variable"},"acf":[],"_links":{"self":[{"href":"https:\/\/wepere.com\/de\/wp-json\/wp\/v2\/product\/37008","targetHints":{"allow":["GET"]}}],"collection":[{"href":"https:\/\/wepere.com\/de\/wp-json\/wp\/v2\/product"}],"about":[{"href":"https:\/\/wepere.com\/de\/wp-json\/wp\/v2\/types\/product"}],"replies":[{"embeddable":true,"href":"https:\/\/wepere.com\/de\/wp-json\/wp\/v2\/comments?post=37008"}],"version-history":[{"count":2,"href":"https:\/\/wepere.com\/de\/wp-json\/wp\/v2\/product\/37008\/revisions"}],"predecessor-version":[{"id":37027,"href":"https:\/\/wepere.com\/de\/wp-json\/wp\/v2\/product\/37008\/revisions\/37027"}],"wp:featuredmedia":[{"embeddable":true,"href":"https:\/\/wepere.com\/de\/wp-json\/wp\/v2\/media\/35924"}],"wp:attachment":[{"href":"https:\/\/wepere.com\/de\/wp-json\/wp\/v2\/media?parent=37008"}],"wp:term":[{"taxonomy":"product_brand","embeddable":true,"href":"https:\/\/wepere.com\/de\/wp-json\/wp\/v2\/product_brand?post=37008"},{"taxonomy":"product_cat","embeddable":true,"href":"https:\/\/wepere.com\/de\/wp-json\/wp\/v2\/product_cat?post=37008"},{"taxonomy":"product_tag","embeddable":true,"href":"https:\/\/wepere.com\/de\/wp-json\/wp\/v2\/product_tag?post=37008"}],"curies":[{"name":"wp","href":"https:\/\/api.w.org\/{rel}","templated":true}]}}