{"id":37009,"date":"2022-10-25T15:01:59","date_gmt":"2022-10-25T13:01:59","guid":{"rendered":"https:\/\/wepere.com\/?post_type=product&#038;p=37009"},"modified":"2022-12-29T16:23:31","modified_gmt":"2022-12-29T15:23:31","slug":"knoechelbandage","status":"publish","type":"product","link":"https:\/\/wepere.com\/de\/produkt\/knoechelbandage\/","title":{"rendered":"Kn\u00f6chelbandage"},"content":{"rendered":"","protected":false},"excerpt":{"rendered":"<p>ie seitlichen Zuggurte geben dem Gelenk eine erhebliche und effektive Stabilit\u00e4t. Je nach dem Verstauchungs-\/B\u00e4nderproblem kann die Stabilisierungskraft der elastischen B\u00e4nder mit st\u00e4rkerer lateraler oder medialer St\u00fctze reguliert werden.<\/p>\n<p>Ideal zur Vorbeugung oder Behandlung von Kn\u00f6chelverstauchungen oder Sehnenscheidenentz\u00fcndungen oder als wirksame postoperative Unterst\u00fctzung.<\/p>\n","protected":false},"featured_media":35919,"comment_status":"open","ping_status":"closed","template":"","meta":{"_acf_changed":false,"_joinchat":[]},"product_brand":[],"product_cat":[128],"product_tag":[],"class_list":{"0":"post-37009","1":"product","2":"type-product","3":"status-publish","4":"has-post-thumbnail","6":"product_cat-bandagen","8":"first","9":"instock","10":"shipping-taxable","11":"purchasable","12":"product-type-variable"},"acf":[],"_links":{"self":[{"href":"https:\/\/wepere.com\/de\/wp-json\/wp\/v2\/product\/37009","targetHints":{"allow":["GET"]}}],"collection":[{"href":"https:\/\/wepere.com\/de\/wp-json\/wp\/v2\/product"}],"about":[{"href":"https:\/\/wepere.com\/de\/wp-json\/wp\/v2\/types\/product"}],"replies":[{"embeddable":true,"href":"https:\/\/wepere.com\/de\/wp-json\/wp\/v2\/comments?post=37009"}],"version-history":[{"count":2,"href":"https:\/\/wepere.com\/de\/wp-json\/wp\/v2\/product\/37009\/revisions"}],"predecessor-version":[{"id":37028,"href":"https:\/\/wepere.com\/de\/wp-json\/wp\/v2\/product\/37009\/revisions\/37028"}],"wp:featuredmedia":[{"embeddable":true,"href":"https:\/\/wepere.com\/de\/wp-json\/wp\/v2\/media\/35919"}],"wp:attachment":[{"href":"https:\/\/wepere.com\/de\/wp-json\/wp\/v2\/media?parent=37009"}],"wp:term":[{"taxonomy":"product_brand","embeddable":true,"href":"https:\/\/wepere.com\/de\/wp-json\/wp\/v2\/product_brand?post=37009"},{"taxonomy":"product_cat","embeddable":true,"href":"https:\/\/wepere.com\/de\/wp-json\/wp\/v2\/product_cat?post=37009"},{"taxonomy":"product_tag","embeddable":true,"href":"https:\/\/wepere.com\/de\/wp-json\/wp\/v2\/product_tag?post=37009"}],"curies":[{"name":"wp","href":"https:\/\/api.w.org\/{rel}","templated":true}]}}