{"id":37010,"date":"2022-10-25T14:51:51","date_gmt":"2022-10-25T12:51:51","guid":{"rendered":"https:\/\/wepere.com\/?post_type=product&#038;p=37010"},"modified":"2022-12-29T16:25:24","modified_gmt":"2022-12-29T15:25:24","slug":"patella-bandage","status":"publish","type":"product","link":"https:\/\/wepere.com\/de\/produkt\/patella-bandage\/","title":{"rendered":"Patella-bandage"},"content":{"rendered":"","protected":false},"excerpt":{"rendered":"<p>Leichte und bequeme St\u00fctze, die dank der lateralen\/medialen St\u00e4be und dem Patellapolster aus Silikon die erforderliche Stabilit\u00e4t des Kniegelenks gew\u00e4hrleistet. Das Spacer-Gewebe bietet Halt, Kompression und h\u00f6chste Atmungsaktivit\u00e4t.<\/p>\n<p>Ideal zur Vorbeugung oder Behandlung der Folgen einer Patellaluxation.<\/p>\n","protected":false},"featured_media":35915,"comment_status":"open","ping_status":"closed","template":"","meta":{"_acf_changed":false,"_joinchat":[]},"product_brand":[],"product_cat":[128],"product_tag":[],"class_list":{"0":"post-37010","1":"product","2":"type-product","3":"status-publish","4":"has-post-thumbnail","6":"product_cat-bandagen","8":"first","9":"instock","10":"shipping-taxable","11":"purchasable","12":"product-type-variable"},"acf":[],"_links":{"self":[{"href":"https:\/\/wepere.com\/de\/wp-json\/wp\/v2\/product\/37010","targetHints":{"allow":["GET"]}}],"collection":[{"href":"https:\/\/wepere.com\/de\/wp-json\/wp\/v2\/product"}],"about":[{"href":"https:\/\/wepere.com\/de\/wp-json\/wp\/v2\/types\/product"}],"replies":[{"embeddable":true,"href":"https:\/\/wepere.com\/de\/wp-json\/wp\/v2\/comments?post=37010"}],"version-history":[{"count":2,"href":"https:\/\/wepere.com\/de\/wp-json\/wp\/v2\/product\/37010\/revisions"}],"predecessor-version":[{"id":37029,"href":"https:\/\/wepere.com\/de\/wp-json\/wp\/v2\/product\/37010\/revisions\/37029"}],"wp:featuredmedia":[{"embeddable":true,"href":"https:\/\/wepere.com\/de\/wp-json\/wp\/v2\/media\/35915"}],"wp:attachment":[{"href":"https:\/\/wepere.com\/de\/wp-json\/wp\/v2\/media?parent=37010"}],"wp:term":[{"taxonomy":"product_brand","embeddable":true,"href":"https:\/\/wepere.com\/de\/wp-json\/wp\/v2\/product_brand?post=37010"},{"taxonomy":"product_cat","embeddable":true,"href":"https:\/\/wepere.com\/de\/wp-json\/wp\/v2\/product_cat?post=37010"},{"taxonomy":"product_tag","embeddable":true,"href":"https:\/\/wepere.com\/de\/wp-json\/wp\/v2\/product_tag?post=37010"}],"curies":[{"name":"wp","href":"https:\/\/api.w.org\/{rel}","templated":true}]}}