{"id":37590,"date":"2023-02-17T12:45:03","date_gmt":"2023-02-17T11:45:03","guid":{"rendered":"https:\/\/wepere.com\/?post_type=product&#038;p=37590"},"modified":"2024-05-09T10:57:15","modified_gmt":"2024-05-09T08:57:15","slug":"beauty-kit","status":"publish","type":"product","link":"https:\/\/wepere.com\/de\/produkt\/beauty-kit\/","title":{"rendered":"Beauty-kit"},"content":{"rendered":"","protected":false},"excerpt":{"rendered":"<p>Das Set enth\u00e4lt ein 4-Kammer-Bauchgurt, einen Verbindungsrohr mit 4 Anschl\u00fcssen und einen Splitter f\u00fcr die gleichzeitige Behandlung von Beinen und Unterleib.<br \/>\nEinheitsgr\u00f6\u00dfe.<br \/>\nTaillenumfang bis zu 116 cm. Bandh\u00f6he 37 cm.<\/p>\n","protected":false},"featured_media":36870,"comment_status":"closed","ping_status":"closed","template":"","meta":{"_acf_changed":false,"_joinchat":[]},"product_brand":[],"product_cat":[114],"product_tag":[],"class_list":{"0":"post-37590","1":"product","2":"type-product","3":"status-publish","4":"has-post-thumbnail","6":"product_cat-zubehoer","8":"first","9":"instock","10":"shipping-taxable","11":"purchasable","12":"product-type-simple"},"acf":[],"_links":{"self":[{"href":"https:\/\/wepere.com\/de\/wp-json\/wp\/v2\/product\/37590","targetHints":{"allow":["GET"]}}],"collection":[{"href":"https:\/\/wepere.com\/de\/wp-json\/wp\/v2\/product"}],"about":[{"href":"https:\/\/wepere.com\/de\/wp-json\/wp\/v2\/types\/product"}],"replies":[{"embeddable":true,"href":"https:\/\/wepere.com\/de\/wp-json\/wp\/v2\/comments?post=37590"}],"version-history":[{"count":2,"href":"https:\/\/wepere.com\/de\/wp-json\/wp\/v2\/product\/37590\/revisions"}],"predecessor-version":[{"id":42162,"href":"https:\/\/wepere.com\/de\/wp-json\/wp\/v2\/product\/37590\/revisions\/42162"}],"wp:featuredmedia":[{"embeddable":true,"href":"https:\/\/wepere.com\/de\/wp-json\/wp\/v2\/media\/36870"}],"wp:attachment":[{"href":"https:\/\/wepere.com\/de\/wp-json\/wp\/v2\/media?parent=37590"}],"wp:term":[{"taxonomy":"product_brand","embeddable":true,"href":"https:\/\/wepere.com\/de\/wp-json\/wp\/v2\/product_brand?post=37590"},{"taxonomy":"product_cat","embeddable":true,"href":"https:\/\/wepere.com\/de\/wp-json\/wp\/v2\/product_cat?post=37590"},{"taxonomy":"product_tag","embeddable":true,"href":"https:\/\/wepere.com\/de\/wp-json\/wp\/v2\/product_tag?post=37590"}],"curies":[{"name":"wp","href":"https:\/\/api.w.org\/{rel}","templated":true}]}}