{"id":42361,"date":"2024-07-04T11:45:00","date_gmt":"2024-07-04T09:45:00","guid":{"rendered":"https:\/\/wepere.com\/prodotto\/viggo\/"},"modified":"2025-12-04T16:28:10","modified_gmt":"2025-12-04T15:28:10","slug":"viggo","status":"publish","type":"product","link":"https:\/\/wepere.com\/de\/produkt\/viggo\/","title":{"rendered":"Viggo"},"content":{"rendered":"","protected":false},"excerpt":{"rendered":"<p>Viggo ist die tragbare L\u00f6sung f\u00fcr eine tiefe Massage der Beinmuskulatur und die Beseitigung von Toxinen und Kataboliten, die f\u00fcr Schmerzen und Kr\u00e4mpfe verantwortlich sind.<br \/>\nSo k\u00f6nnen Sie bald wieder trainieren, mit leichten und schnellen Beinen.<\/p>\n<p><span style=\"color: #ffcb08;\"><strong>GR\u00d6\u00dfENTABELLE<\/strong><\/span><br \/>\n<strong>Gr\u00f6\u00dfe S\/M:<\/strong> L\u00e4nge (Oberschenkel-Ferse) 84 cm &#8211; maximaler Oberschenkelumfang 72 cm &#8211; maximaler Umfang des Fu\u00dfes 35,5 cm.<br \/>\n<strong>Gr\u00f6\u00dfe L\/XL:<\/strong> L\u00e4nge (Oberschenkel-Ferse) 92 cm &#8211; maximaler Oberschenkel-Umfang 80 cm &#8211; maximaler Fu\u00dfumfang 38 cm.<\/p>\n<p>&nbsp;<\/p>\n","protected":false},"featured_media":42281,"comment_status":"open","ping_status":"closed","template":"","meta":{"_acf_changed":false,"_joinchat":[]},"product_brand":[],"product_cat":[83],"product_tag":[],"class_list":{"0":"post-42361","1":"product","2":"type-product","3":"status-publish","4":"has-post-thumbnail","6":"product_cat-pressotherapie","8":"first","9":"instock","10":"shipping-taxable","11":"purchasable","12":"product-type-variable"},"acf":[],"_links":{"self":[{"href":"https:\/\/wepere.com\/de\/wp-json\/wp\/v2\/product\/42361","targetHints":{"allow":["GET"]}}],"collection":[{"href":"https:\/\/wepere.com\/de\/wp-json\/wp\/v2\/product"}],"about":[{"href":"https:\/\/wepere.com\/de\/wp-json\/wp\/v2\/types\/product"}],"replies":[{"embeddable":true,"href":"https:\/\/wepere.com\/de\/wp-json\/wp\/v2\/comments?post=42361"}],"version-history":[{"count":3,"href":"https:\/\/wepere.com\/de\/wp-json\/wp\/v2\/product\/42361\/revisions"}],"predecessor-version":[{"id":42466,"href":"https:\/\/wepere.com\/de\/wp-json\/wp\/v2\/product\/42361\/revisions\/42466"}],"wp:featuredmedia":[{"embeddable":true,"href":"https:\/\/wepere.com\/de\/wp-json\/wp\/v2\/media\/42281"}],"wp:attachment":[{"href":"https:\/\/wepere.com\/de\/wp-json\/wp\/v2\/media?parent=42361"}],"wp:term":[{"taxonomy":"product_brand","embeddable":true,"href":"https:\/\/wepere.com\/de\/wp-json\/wp\/v2\/product_brand?post=42361"},{"taxonomy":"product_cat","embeddable":true,"href":"https:\/\/wepere.com\/de\/wp-json\/wp\/v2\/product_cat?post=42361"},{"taxonomy":"product_tag","embeddable":true,"href":"https:\/\/wepere.com\/de\/wp-json\/wp\/v2\/product_tag?post=42361"}],"curies":[{"name":"wp","href":"https:\/\/api.w.org\/{rel}","templated":true}]}}